{"id":579,"date":"2021-07-22T12:29:46","date_gmt":"2021-07-22T10:29:46","guid":{"rendered":"http:\/\/www.spassbeisaite.de\/wp03\/?post_type=product&#038;p=579"},"modified":"2022-10-14T14:05:29","modified_gmt":"2022-10-14T12:05:29","slug":"michael-schmolke-spass-beisaite-sparbundle-1-bd1-bd2-gratisversand","status":"publish","type":"product","link":"https:\/\/www.spassbeisaite.de\/wp03\/shop\/buecher\/michael-schmolke-spass-beisaite-sparbundle-1-bd1-bd2-gratisversand\/","title":{"rendered":"Michael Schmolke | SPASS BEISAITE Sparbundle 1 | Bd1 &#038; Bd2 | Gratis Versand"},"content":{"rendered":"<h6>Kursb\u00fccher f\u00fcr die musikalische Erwachsenenbildung<\/h6>\n<p>Autor: Michael Schmolke<\/p>\n<p>ISMN: 979-0-700175-00-9 | 979-0-700175-01-6<\/p>\n<p>170 Seiten, Spiralbindung. Kompletter Gitarrenkurs f\u00fcr ca 4 Semester. Liedbegleitung f\u00fcr Anf\u00e4nger und Fortgeschrittene.<\/p>\n<p>Beide B\u00e4nde als Set bestellen und Versandkosten sparen! Gratis Versand innerhalb Deutschlands.<\/p>\n","protected":false},"excerpt":{"rendered":"<h6>Kursb\u00fccher f\u00fcr die musikalische Erwachsenenbildung<\/h6>\n<p>Autor: Michael Schmolke<\/p>\n<p>ISMN: 979-0-700175-00-9 | 979-0-700175-01-6<\/p>\n","protected":false},"featured_media":956,"template":"","meta":[],"product_brand":[],"product_cat":[47],"product_tag":[58,60,54,51,52,50,57,49,61,63,64],"class_list":{"0":"post-579","1":"product","2":"type-product","3":"status-publish","4":"has-post-thumbnail","6":"product_cat-buecher","7":"product_tag-gitarre-anfaenger","8":"product_tag-gitarre-liedbegleitung-fortgeschrittene","9":"product_tag-gitarrenlehrbuch","10":"product_tag-gitarrenunterricht","11":"product_tag-liedbegleitung","12":"product_tag-liederbuecher","13":"product_tag-musikalische-erwachsenenbildung","14":"product_tag-musiknoten","15":"product_tag-singen-zur-gitarre","16":"product_tag-spass-bei-saite","17":"product_tag-spass-beisaite","19":"first","20":"instock","21":"shipping-taxable","22":"purchasable","23":"product-type-simple"},"yoast_head":"<!-- This site is optimized with the Yoast SEO plugin v27.3 - https:\/\/yoast.com\/product\/yoast-seo-wordpress\/ -->\n<title>Michael Schmolke | SPASS BEISAITE Sparbundle 1 | Bd1 &amp; Bd2 | Gratis Versand | SPASS BEISAITE\u00ae<\/title>\n<meta name=\"description\" content=\"Kursb\u00fccher f\u00fcr die musikalische Erwachsenenbildung. 170 Seiten, Spiralbindung. Kompletter Gitarrenkurs. Liedbegleitung f\u00fcr Anf\u00e4nger und Fortgeschrittene.\" \/>\n<meta name=\"robots\" content=\"index, follow, max-snippet:-1, max-image-preview:large, max-video-preview:-1\" \/>\n<link rel=\"canonical\" href=\"https:\/\/www.spassbeisaite.de\/wp03\/shop\/buecher\/michael-schmolke-spass-beisaite-sparbundle-1-bd1-bd2-gratisversand\/\" \/>\n<meta property=\"og:locale\" content=\"de_DE\" \/>\n<meta property=\"og:type\" content=\"article\" \/>\n<meta property=\"og:title\" content=\"Michael Schmolke | SPASS BEISAITE Sparbundle 1 | Bd1 &amp; Bd2 | Gratis Versand | SPASS BEISAITE\u00ae\" \/>\n<meta property=\"og:description\" content=\"Kursb\u00fccher f\u00fcr die musikalische Erwachsenenbildung. 170 Seiten, Spiralbindung. Kompletter Gitarrenkurs. Liedbegleitung f\u00fcr Anf\u00e4nger und Fortgeschrittene.\" \/>\n<meta property=\"og:url\" content=\"https:\/\/www.spassbeisaite.de\/wp03\/shop\/buecher\/michael-schmolke-spass-beisaite-sparbundle-1-bd1-bd2-gratisversand\/\" \/>\n<meta property=\"og:site_name\" content=\"SPASS BEISAITE\u00ae\" \/>\n<meta property=\"article:modified_time\" content=\"2022-10-14T12:05:29+00:00\" \/>\n<meta property=\"og:image\" content=\"https:\/\/www.spassbeisaite.de\/wp03\/wp-content\/uploads\/2021\/07\/sbs-2er-bundle-vs4-bookshop-150dpi-scaled.jpg\" \/>\n\t<meta property=\"og:image:width\" content=\"2560\" \/>\n\t<meta property=\"og:image:height\" content=\"2560\" \/>\n\t<meta property=\"og:image:type\" content=\"image\/jpeg\" \/>\n<meta name=\"twitter:card\" content=\"summary_large_image\" \/>\n<script type=\"application\/ld+json\" class=\"yoast-schema-graph\">{\"@context\":\"https:\\\/\\\/schema.org\",\"@graph\":[{\"@type\":\"WebPage\",\"@id\":\"https:\\\/\\\/www.spassbeisaite.de\\\/wp03\\\/shop\\\/buecher\\\/michael-schmolke-spass-beisaite-sparbundle-1-bd1-bd2-gratisversand\\\/\",\"url\":\"https:\\\/\\\/www.spassbeisaite.de\\\/wp03\\\/shop\\\/buecher\\\/michael-schmolke-spass-beisaite-sparbundle-1-bd1-bd2-gratisversand\\\/\",\"name\":\"Michael Schmolke | SPASS BEISAITE Sparbundle 1 | Bd1 & Bd2 | Gratis Versand | SPASS BEISAITE\u00ae\",\"isPartOf\":{\"@id\":\"https:\\\/\\\/www.spassbeisaite.de\\\/wp03\\\/#website\"},\"primaryImageOfPage\":{\"@id\":\"https:\\\/\\\/www.spassbeisaite.de\\\/wp03\\\/shop\\\/buecher\\\/michael-schmolke-spass-beisaite-sparbundle-1-bd1-bd2-gratisversand\\\/#primaryimage\"},\"image\":{\"@id\":\"https:\\\/\\\/www.spassbeisaite.de\\\/wp03\\\/shop\\\/buecher\\\/michael-schmolke-spass-beisaite-sparbundle-1-bd1-bd2-gratisversand\\\/#primaryimage\"},\"thumbnailUrl\":\"https:\\\/\\\/www.spassbeisaite.de\\\/wp03\\\/wp-content\\\/uploads\\\/2021\\\/07\\\/sbs-2er-bundle-vs4-bookshop-150dpi-scaled.jpg\",\"datePublished\":\"2021-07-22T10:29:46+00:00\",\"dateModified\":\"2022-10-14T12:05:29+00:00\",\"description\":\"Kursb\u00fccher f\u00fcr die musikalische Erwachsenenbildung. 170 Seiten, Spiralbindung. Kompletter Gitarrenkurs. Liedbegleitung f\u00fcr Anf\u00e4nger und Fortgeschrittene.\",\"breadcrumb\":{\"@id\":\"https:\\\/\\\/www.spassbeisaite.de\\\/wp03\\\/shop\\\/buecher\\\/michael-schmolke-spass-beisaite-sparbundle-1-bd1-bd2-gratisversand\\\/#breadcrumb\"},\"inLanguage\":\"de\",\"potentialAction\":[{\"@type\":\"ReadAction\",\"target\":[\"https:\\\/\\\/www.spassbeisaite.de\\\/wp03\\\/shop\\\/buecher\\\/michael-schmolke-spass-beisaite-sparbundle-1-bd1-bd2-gratisversand\\\/\"]}]},{\"@type\":\"ImageObject\",\"inLanguage\":\"de\",\"@id\":\"https:\\\/\\\/www.spassbeisaite.de\\\/wp03\\\/shop\\\/buecher\\\/michael-schmolke-spass-beisaite-sparbundle-1-bd1-bd2-gratisversand\\\/#primaryimage\",\"url\":\"https:\\\/\\\/www.spassbeisaite.de\\\/wp03\\\/wp-content\\\/uploads\\\/2021\\\/07\\\/sbs-2er-bundle-vs4-bookshop-150dpi-scaled.jpg\",\"contentUrl\":\"https:\\\/\\\/www.spassbeisaite.de\\\/wp03\\\/wp-content\\\/uploads\\\/2021\\\/07\\\/sbs-2er-bundle-vs4-bookshop-150dpi-scaled.jpg\",\"width\":2560,\"height\":2560,\"caption\":\"Michael Schmolke: SPASS BEISAITE Bundle Bd1+2. Liedbegleitung f\u00fcr Anf\u00e4nger und Fortgeschrittene. Gratisversand.\"},{\"@type\":\"BreadcrumbList\",\"@id\":\"https:\\\/\\\/www.spassbeisaite.de\\\/wp03\\\/shop\\\/buecher\\\/michael-schmolke-spass-beisaite-sparbundle-1-bd1-bd2-gratisversand\\\/#breadcrumb\",\"itemListElement\":[{\"@type\":\"ListItem\",\"position\":1,\"name\":\"Startseite\",\"item\":\"https:\\\/\\\/www.spassbeisaite.de\\\/wp03\\\/\"},{\"@type\":\"ListItem\",\"position\":2,\"name\":\"Shop\",\"item\":\"https:\\\/\\\/www.spassbeisaite.de\\\/wp03\\\/shop\\\/\"},{\"@type\":\"ListItem\",\"position\":3,\"name\":\"Michael Schmolke | SPASS BEISAITE Sparbundle 1 | Bd1 &#038; Bd2 | Gratis Versand\"}]},{\"@type\":\"WebSite\",\"@id\":\"https:\\\/\\\/www.spassbeisaite.de\\\/wp03\\\/#website\",\"url\":\"https:\\\/\\\/www.spassbeisaite.de\\\/wp03\\\/\",\"name\":\"SPASS BEISAITE\u00ae\",\"description\":\"Musikverlag | Label | Unterricht\",\"publisher\":{\"@id\":\"https:\\\/\\\/www.spassbeisaite.de\\\/wp03\\\/#organization\"},\"potentialAction\":[{\"@type\":\"SearchAction\",\"target\":{\"@type\":\"EntryPoint\",\"urlTemplate\":\"https:\\\/\\\/www.spassbeisaite.de\\\/wp03\\\/?s={search_term_string}\"},\"query-input\":{\"@type\":\"PropertyValueSpecification\",\"valueRequired\":true,\"valueName\":\"search_term_string\"}}],\"inLanguage\":\"de\"},{\"@type\":\"Organization\",\"@id\":\"https:\\\/\\\/www.spassbeisaite.de\\\/wp03\\\/#organization\",\"name\":\"SPASS BEISAITE Musikverlag\",\"url\":\"https:\\\/\\\/www.spassbeisaite.de\\\/wp03\\\/\",\"logo\":{\"@type\":\"ImageObject\",\"inLanguage\":\"de\",\"@id\":\"https:\\\/\\\/www.spassbeisaite.de\\\/wp03\\\/#\\\/schema\\\/logo\\\/image\\\/\",\"url\":\"http:\\\/\\\/www.spassbeisaite.de\\\/wp03\\\/wp-content\\\/uploads\\\/2021\\\/07\\\/spass-schriftzug-14-wp-500x500-7.png\",\"contentUrl\":\"http:\\\/\\\/www.spassbeisaite.de\\\/wp03\\\/wp-content\\\/uploads\\\/2021\\\/07\\\/spass-schriftzug-14-wp-500x500-7.png\",\"width\":500,\"height\":500,\"caption\":\"SPASS BEISAITE Musikverlag\"},\"image\":{\"@id\":\"https:\\\/\\\/www.spassbeisaite.de\\\/wp03\\\/#\\\/schema\\\/logo\\\/image\\\/\"},\"sameAs\":[\"https:\\\/\\\/www.youtube.com\\\/channel\\\/UC0tdinT0D3WmEvlAVIQfsuQ\"]}]}<\/script>\n<!-- \/ Yoast SEO plugin. -->","yoast_head_json":{"title":"Michael Schmolke | SPASS BEISAITE Sparbundle 1 | Bd1 & Bd2 | Gratis Versand | SPASS BEISAITE\u00ae","description":"Kursb\u00fccher f\u00fcr die musikalische Erwachsenenbildung. 170 Seiten, Spiralbindung. Kompletter Gitarrenkurs. Liedbegleitung f\u00fcr Anf\u00e4nger und Fortgeschrittene.","robots":{"index":"index","follow":"follow","max-snippet":"max-snippet:-1","max-image-preview":"max-image-preview:large","max-video-preview":"max-video-preview:-1"},"canonical":"https:\/\/www.spassbeisaite.de\/wp03\/shop\/buecher\/michael-schmolke-spass-beisaite-sparbundle-1-bd1-bd2-gratisversand\/","og_locale":"de_DE","og_type":"article","og_title":"Michael Schmolke | SPASS BEISAITE Sparbundle 1 | Bd1 & Bd2 | Gratis Versand | SPASS BEISAITE\u00ae","og_description":"Kursb\u00fccher f\u00fcr die musikalische Erwachsenenbildung. 170 Seiten, Spiralbindung. Kompletter Gitarrenkurs. Liedbegleitung f\u00fcr Anf\u00e4nger und Fortgeschrittene.","og_url":"https:\/\/www.spassbeisaite.de\/wp03\/shop\/buecher\/michael-schmolke-spass-beisaite-sparbundle-1-bd1-bd2-gratisversand\/","og_site_name":"SPASS BEISAITE\u00ae","article_modified_time":"2022-10-14T12:05:29+00:00","og_image":[{"width":2560,"height":2560,"url":"https:\/\/www.spassbeisaite.de\/wp03\/wp-content\/uploads\/2021\/07\/sbs-2er-bundle-vs4-bookshop-150dpi-scaled.jpg","type":"image\/jpeg"}],"twitter_card":"summary_large_image","schema":{"@context":"https:\/\/schema.org","@graph":[{"@type":"WebPage","@id":"https:\/\/www.spassbeisaite.de\/wp03\/shop\/buecher\/michael-schmolke-spass-beisaite-sparbundle-1-bd1-bd2-gratisversand\/","url":"https:\/\/www.spassbeisaite.de\/wp03\/shop\/buecher\/michael-schmolke-spass-beisaite-sparbundle-1-bd1-bd2-gratisversand\/","name":"Michael Schmolke | SPASS BEISAITE Sparbundle 1 | Bd1 & Bd2 | Gratis Versand | SPASS BEISAITE\u00ae","isPartOf":{"@id":"https:\/\/www.spassbeisaite.de\/wp03\/#website"},"primaryImageOfPage":{"@id":"https:\/\/www.spassbeisaite.de\/wp03\/shop\/buecher\/michael-schmolke-spass-beisaite-sparbundle-1-bd1-bd2-gratisversand\/#primaryimage"},"image":{"@id":"https:\/\/www.spassbeisaite.de\/wp03\/shop\/buecher\/michael-schmolke-spass-beisaite-sparbundle-1-bd1-bd2-gratisversand\/#primaryimage"},"thumbnailUrl":"https:\/\/www.spassbeisaite.de\/wp03\/wp-content\/uploads\/2021\/07\/sbs-2er-bundle-vs4-bookshop-150dpi-scaled.jpg","datePublished":"2021-07-22T10:29:46+00:00","dateModified":"2022-10-14T12:05:29+00:00","description":"Kursb\u00fccher f\u00fcr die musikalische Erwachsenenbildung. 170 Seiten, Spiralbindung. Kompletter Gitarrenkurs. Liedbegleitung f\u00fcr Anf\u00e4nger und Fortgeschrittene.","breadcrumb":{"@id":"https:\/\/www.spassbeisaite.de\/wp03\/shop\/buecher\/michael-schmolke-spass-beisaite-sparbundle-1-bd1-bd2-gratisversand\/#breadcrumb"},"inLanguage":"de","potentialAction":[{"@type":"ReadAction","target":["https:\/\/www.spassbeisaite.de\/wp03\/shop\/buecher\/michael-schmolke-spass-beisaite-sparbundle-1-bd1-bd2-gratisversand\/"]}]},{"@type":"ImageObject","inLanguage":"de","@id":"https:\/\/www.spassbeisaite.de\/wp03\/shop\/buecher\/michael-schmolke-spass-beisaite-sparbundle-1-bd1-bd2-gratisversand\/#primaryimage","url":"https:\/\/www.spassbeisaite.de\/wp03\/wp-content\/uploads\/2021\/07\/sbs-2er-bundle-vs4-bookshop-150dpi-scaled.jpg","contentUrl":"https:\/\/www.spassbeisaite.de\/wp03\/wp-content\/uploads\/2021\/07\/sbs-2er-bundle-vs4-bookshop-150dpi-scaled.jpg","width":2560,"height":2560,"caption":"Michael Schmolke: SPASS BEISAITE Bundle Bd1+2. Liedbegleitung f\u00fcr Anf\u00e4nger und Fortgeschrittene. Gratisversand."},{"@type":"BreadcrumbList","@id":"https:\/\/www.spassbeisaite.de\/wp03\/shop\/buecher\/michael-schmolke-spass-beisaite-sparbundle-1-bd1-bd2-gratisversand\/#breadcrumb","itemListElement":[{"@type":"ListItem","position":1,"name":"Startseite","item":"https:\/\/www.spassbeisaite.de\/wp03\/"},{"@type":"ListItem","position":2,"name":"Shop","item":"https:\/\/www.spassbeisaite.de\/wp03\/shop\/"},{"@type":"ListItem","position":3,"name":"Michael Schmolke | SPASS BEISAITE Sparbundle 1 | Bd1 &#038; Bd2 | Gratis Versand"}]},{"@type":"WebSite","@id":"https:\/\/www.spassbeisaite.de\/wp03\/#website","url":"https:\/\/www.spassbeisaite.de\/wp03\/","name":"SPASS BEISAITE\u00ae","description":"Musikverlag | Label | Unterricht","publisher":{"@id":"https:\/\/www.spassbeisaite.de\/wp03\/#organization"},"potentialAction":[{"@type":"SearchAction","target":{"@type":"EntryPoint","urlTemplate":"https:\/\/www.spassbeisaite.de\/wp03\/?s={search_term_string}"},"query-input":{"@type":"PropertyValueSpecification","valueRequired":true,"valueName":"search_term_string"}}],"inLanguage":"de"},{"@type":"Organization","@id":"https:\/\/www.spassbeisaite.de\/wp03\/#organization","name":"SPASS BEISAITE Musikverlag","url":"https:\/\/www.spassbeisaite.de\/wp03\/","logo":{"@type":"ImageObject","inLanguage":"de","@id":"https:\/\/www.spassbeisaite.de\/wp03\/#\/schema\/logo\/image\/","url":"http:\/\/www.spassbeisaite.de\/wp03\/wp-content\/uploads\/2021\/07\/spass-schriftzug-14-wp-500x500-7.png","contentUrl":"http:\/\/www.spassbeisaite.de\/wp03\/wp-content\/uploads\/2021\/07\/spass-schriftzug-14-wp-500x500-7.png","width":500,"height":500,"caption":"SPASS BEISAITE Musikverlag"},"image":{"@id":"https:\/\/www.spassbeisaite.de\/wp03\/#\/schema\/logo\/image\/"},"sameAs":["https:\/\/www.youtube.com\/channel\/UC0tdinT0D3WmEvlAVIQfsuQ"]}]}},"_links":{"self":[{"href":"https:\/\/www.spassbeisaite.de\/wp03\/wp-json\/wp\/v2\/product\/579","targetHints":{"allow":["GET"]}}],"collection":[{"href":"https:\/\/www.spassbeisaite.de\/wp03\/wp-json\/wp\/v2\/product"}],"about":[{"href":"https:\/\/www.spassbeisaite.de\/wp03\/wp-json\/wp\/v2\/types\/product"}],"wp:featuredmedia":[{"embeddable":true,"href":"https:\/\/www.spassbeisaite.de\/wp03\/wp-json\/wp\/v2\/media\/956"}],"wp:attachment":[{"href":"https:\/\/www.spassbeisaite.de\/wp03\/wp-json\/wp\/v2\/media?parent=579"}],"wp:term":[{"taxonomy":"product_brand","embeddable":true,"href":"https:\/\/www.spassbeisaite.de\/wp03\/wp-json\/wp\/v2\/product_brand?post=579"},{"taxonomy":"product_cat","embeddable":true,"href":"https:\/\/www.spassbeisaite.de\/wp03\/wp-json\/wp\/v2\/product_cat?post=579"},{"taxonomy":"product_tag","embeddable":true,"href":"https:\/\/www.spassbeisaite.de\/wp03\/wp-json\/wp\/v2\/product_tag?post=579"}],"curies":[{"name":"wp","href":"https:\/\/api.w.org\/{rel}","templated":true}]}}