{"id":553,"date":"2021-07-21T13:02:56","date_gmt":"2021-07-21T11:02:56","guid":{"rendered":"http:\/\/www.spassbeisaite.de\/wp03\/?post_type=product&#038;p=553"},"modified":"2022-10-14T14:08:03","modified_gmt":"2022-10-14T12:08:03","slug":"michael-schmolke-spass-beisaite-bd-2-liedbegleitung-fuer-fortgeschrittene","status":"publish","type":"product","link":"https:\/\/www.spassbeisaite.de\/wp03\/shop\/buecher\/michael-schmolke-spass-beisaite-bd-2-liedbegleitung-fuer-fortgeschrittene\/","title":{"rendered":"Michael Schmolke | SPASS BEISAITE Bd 2: Liedbegleitung f\u00fcr Fortgeschrittene"},"content":{"rendered":"<h6>Kursbuch f\u00fcr die musikalische Erwachsenenbildung<\/h6>\n<p>Autor: Michael Schmolke<\/p>\n<p>ISMN: 979-0-700175-01-6 | 86 Seiten, Spiralbindung<\/p>\n<p>Die Buchreihe SPASS BEISAITE pr\u00e4sentiert ausgesuchte und in jahrelanger Praxis erprobte <strong>Gitarren-Lehrb\u00fccher f\u00fcr Gruppenunterricht und musikalische Erwachsenenbildung.<\/strong><\/p>\n<p>Im Kursprogramm von SPASS BEISAITE geht es weniger um ein Selbststudium wie es viele Gitarrenschulen propagieren; vielmehr sind es grundlegende, logisch aufgebaute <strong>Materialsammlungen f\u00fcr den Gitarrenunterricht<\/strong> (insbesondere auch in der Gruppe), durchgef\u00fchrt von kompetenten Lehrkr\u00e4ften.<\/p>\n<p>TeilnehmerInnen und LeiterInnen von <strong>Gitarrenkursen in der musikalischen Erwachsenenbildung<\/strong> (z.B. Volkshochschulen, Akademien o.\u00e4.) wissen SPASS BEISAITE ganz besonders zu sch\u00e4tzen, da deren speziellen W\u00fcnsche und Bed\u00fcrfnisse hier voll und ganz ber\u00fccksichtigt sind. Jedoch auch im Einzelunterricht (Musikschule oder privat) haben sich die Kursmaterialien bew\u00e4hrt.<\/p>\n<p>Die wichtigsten Aspekte sind:<\/p>\n<ul>\n<li>Erschwinglichkeit (gutes Preis-Leistungsverh\u00e4ltnis);<\/li>\n<li>optimale Lesbarkeit durch DIN-A4-Format;<\/li>\n<li>gut sichtbare Akkordsymbole nicht nur \u00fcber der ersten Strophe im Notensystem sondern auch \u00fcber den gesamten restlichen Strophen;<\/li>\n<li>erleichterte Handhabung durch Spiralheftung;<\/li>\n<li>SPASS BEISAITE wird st\u00e4ndig weiterentwickelt und verbessert. Dabei fliessen stets auch W\u00fcnsche und Anregungen von Kolleginnen und Kollegen mit ein.<\/li>\n<\/ul>\n<h5>Inhalt Band 2<\/h5>\n<p>SPASS BEISAITE Band 2 kn\u00fcpft direkt an den ersten Band an. Die Kursteilnehmer(innen) lernen anhand einer geschickt zusammengestellten Liedauswahl anspruchsvollere Griffe (inklusive Barre\u00e9) und Begleitpatterns kennen. Als Zupfmuster kommen sowohl &#8222;klassische&#8220; als auch von Folk und Country inspirierte Varianten zum Einsatz. Fans der Schlaggitarre freuen sich \u00fcber interessante neue Techniken wie z.B. Flatpicking und Bass\u00fcberg\u00e4nge.<\/p>\n<p><img loading=\"lazy\" decoding=\"async\" class=\"alignnone size-full wp-image-561\" src=\"https:\/\/www.spassbeisaite.de\/wp03\/wp-content\/uploads\/2021\/07\/morning-has-broken-grau.jpg\" alt=\"\" width=\"2212\" height=\"1906\" srcset=\"https:\/\/www.spassbeisaite.de\/wp03\/wp-content\/uploads\/2021\/07\/morning-has-broken-grau.jpg 2212w, https:\/\/www.spassbeisaite.de\/wp03\/wp-content\/uploads\/2021\/07\/morning-has-broken-grau-300x258.jpg 300w, https:\/\/www.spassbeisaite.de\/wp03\/wp-content\/uploads\/2021\/07\/morning-has-broken-grau-1030x888.jpg 1030w, https:\/\/www.spassbeisaite.de\/wp03\/wp-content\/uploads\/2021\/07\/morning-has-broken-grau-768x662.jpg 768w, https:\/\/www.spassbeisaite.de\/wp03\/wp-content\/uploads\/2021\/07\/morning-has-broken-grau-1536x1324.jpg 1536w, https:\/\/www.spassbeisaite.de\/wp03\/wp-content\/uploads\/2021\/07\/morning-has-broken-grau-2048x1765.jpg 2048w, https:\/\/www.spassbeisaite.de\/wp03\/wp-content\/uploads\/2021\/07\/morning-has-broken-grau-1500x1292.jpg 1500w, https:\/\/www.spassbeisaite.de\/wp03\/wp-content\/uploads\/2021\/07\/morning-has-broken-grau-705x607.jpg 705w, https:\/\/www.spassbeisaite.de\/wp03\/wp-content\/uploads\/2021\/07\/morning-has-broken-grau-600x517.jpg 600w\" sizes=\"auto, (max-width: 2212px) 100vw, 2212px\" \/><\/p>\n<p>&nbsp;<\/p>\n","protected":false},"excerpt":{"rendered":"<h6>Kursbuch f\u00fcr die musikalische Erwachsenenbildung<\/h6>\n<p>Autor: Michael Schmolke<\/p>\n<p>ISMN: 979-0-700175-01-6 | Liedbegleitung f\u00fcr Fortgeschrittene (Fortsetzung von SPASS BEISAITE Band 1) | 86 Seiten, Spiralbindung<\/p>\n","protected":false},"featured_media":760,"template":"","meta":[],"product_brand":[],"product_cat":[47],"product_tag":[60,54,55,51,52,50,57,49,61,63,64],"class_list":{"0":"post-553","1":"product","2":"type-product","3":"status-publish","4":"has-post-thumbnail","6":"product_cat-buecher","7":"product_tag-gitarre-liedbegleitung-fortgeschrittene","8":"product_tag-gitarrenlehrbuch","9":"product_tag-gitarrennoten","10":"product_tag-gitarrenunterricht","11":"product_tag-liedbegleitung","12":"product_tag-liederbuecher","13":"product_tag-musikalische-erwachsenenbildung","14":"product_tag-musiknoten","15":"product_tag-singen-zur-gitarre","16":"product_tag-spass-bei-saite","17":"product_tag-spass-beisaite","19":"first","20":"instock","21":"shipping-taxable","22":"purchasable","23":"product-type-simple"},"yoast_head":"<!-- This site is optimized with the Yoast SEO plugin v27.5 - https:\/\/yoast.com\/product\/yoast-seo-wordpress\/ -->\n<title>Michael Schmolke | SPASS BEISAITE Bd 2: Liedbegleitung f\u00fcr Fortgeschrittene | SPASS BEISAITE\u00ae<\/title>\n<meta name=\"description\" content=\"Kursbuch f\u00fcr die musikalische Erwachsenenbildung. Fortsetzung zu SPASS BEISAITE Band 1. Anspruchsvollere Griffe und Begleitmuster. Lieder aus Folk, Pop, Klassik.\" \/>\n<meta name=\"robots\" content=\"index, follow, max-snippet:-1, max-image-preview:large, max-video-preview:-1\" \/>\n<link rel=\"canonical\" href=\"https:\/\/www.spassbeisaite.de\/wp03\/shop\/buecher\/michael-schmolke-spass-beisaite-bd-2-liedbegleitung-fuer-fortgeschrittene\/\" \/>\n<meta property=\"og:locale\" content=\"de_DE\" \/>\n<meta property=\"og:type\" content=\"article\" \/>\n<meta property=\"og:title\" content=\"Michael Schmolke | SPASS BEISAITE Bd 2: Liedbegleitung f\u00fcr Fortgeschrittene | SPASS BEISAITE\u00ae\" \/>\n<meta property=\"og:description\" content=\"Kursbuch f\u00fcr die musikalische Erwachsenenbildung. Fortsetzung zu SPASS BEISAITE Band 1. Anspruchsvollere Griffe und Begleitmuster. Lieder aus Folk, Pop, Klassik.\" \/>\n<meta property=\"og:url\" content=\"https:\/\/www.spassbeisaite.de\/wp03\/shop\/buecher\/michael-schmolke-spass-beisaite-bd-2-liedbegleitung-fuer-fortgeschrittene\/\" \/>\n<meta property=\"og:site_name\" content=\"SPASS BEISAITE\u00ae\" \/>\n<meta property=\"article:modified_time\" content=\"2022-10-14T12:08:03+00:00\" \/>\n<meta property=\"og:image\" content=\"https:\/\/www.spassbeisaite.de\/wp03\/wp-content\/uploads\/2021\/07\/sbs2-vs2-bookshop-150dpi-scaled.jpg\" \/>\n\t<meta property=\"og:image:width\" content=\"2560\" \/>\n\t<meta property=\"og:image:height\" content=\"2560\" \/>\n\t<meta property=\"og:image:type\" content=\"image\/jpeg\" \/>\n<meta name=\"twitter:card\" content=\"summary_large_image\" \/>\n<meta name=\"twitter:label1\" content=\"Gesch\u00e4tzte Lesezeit\" \/>\n\t<meta name=\"twitter:data1\" content=\"1\u00a0Minute\" \/>\n<script type=\"application\/ld+json\" class=\"yoast-schema-graph\">{\"@context\":\"https:\\\/\\\/schema.org\",\"@graph\":[{\"@type\":\"WebPage\",\"@id\":\"https:\\\/\\\/www.spassbeisaite.de\\\/wp03\\\/shop\\\/buecher\\\/michael-schmolke-spass-beisaite-bd-2-liedbegleitung-fuer-fortgeschrittene\\\/\",\"url\":\"https:\\\/\\\/www.spassbeisaite.de\\\/wp03\\\/shop\\\/buecher\\\/michael-schmolke-spass-beisaite-bd-2-liedbegleitung-fuer-fortgeschrittene\\\/\",\"name\":\"Michael Schmolke | SPASS BEISAITE Bd 2: Liedbegleitung f\u00fcr Fortgeschrittene | SPASS BEISAITE\u00ae\",\"isPartOf\":{\"@id\":\"https:\\\/\\\/www.spassbeisaite.de\\\/wp03\\\/#website\"},\"primaryImageOfPage\":{\"@id\":\"https:\\\/\\\/www.spassbeisaite.de\\\/wp03\\\/shop\\\/buecher\\\/michael-schmolke-spass-beisaite-bd-2-liedbegleitung-fuer-fortgeschrittene\\\/#primaryimage\"},\"image\":{\"@id\":\"https:\\\/\\\/www.spassbeisaite.de\\\/wp03\\\/shop\\\/buecher\\\/michael-schmolke-spass-beisaite-bd-2-liedbegleitung-fuer-fortgeschrittene\\\/#primaryimage\"},\"thumbnailUrl\":\"https:\\\/\\\/www.spassbeisaite.de\\\/wp03\\\/wp-content\\\/uploads\\\/2021\\\/07\\\/sbs2-vs2-bookshop-150dpi-scaled.jpg\",\"datePublished\":\"2021-07-21T11:02:56+00:00\",\"dateModified\":\"2022-10-14T12:08:03+00:00\",\"description\":\"Kursbuch f\u00fcr die musikalische Erwachsenenbildung. Fortsetzung zu SPASS BEISAITE Band 1. Anspruchsvollere Griffe und Begleitmuster. Lieder aus Folk, Pop, Klassik.\",\"breadcrumb\":{\"@id\":\"https:\\\/\\\/www.spassbeisaite.de\\\/wp03\\\/shop\\\/buecher\\\/michael-schmolke-spass-beisaite-bd-2-liedbegleitung-fuer-fortgeschrittene\\\/#breadcrumb\"},\"inLanguage\":\"de\",\"potentialAction\":[{\"@type\":\"ReadAction\",\"target\":[\"https:\\\/\\\/www.spassbeisaite.de\\\/wp03\\\/shop\\\/buecher\\\/michael-schmolke-spass-beisaite-bd-2-liedbegleitung-fuer-fortgeschrittene\\\/\"]}]},{\"@type\":\"ImageObject\",\"inLanguage\":\"de\",\"@id\":\"https:\\\/\\\/www.spassbeisaite.de\\\/wp03\\\/shop\\\/buecher\\\/michael-schmolke-spass-beisaite-bd-2-liedbegleitung-fuer-fortgeschrittene\\\/#primaryimage\",\"url\":\"https:\\\/\\\/www.spassbeisaite.de\\\/wp03\\\/wp-content\\\/uploads\\\/2021\\\/07\\\/sbs2-vs2-bookshop-150dpi-scaled.jpg\",\"contentUrl\":\"https:\\\/\\\/www.spassbeisaite.de\\\/wp03\\\/wp-content\\\/uploads\\\/2021\\\/07\\\/sbs2-vs2-bookshop-150dpi-scaled.jpg\",\"width\":2560,\"height\":2560,\"caption\":\"Michael Schmolke | SPASS BEISAITE Bd 2 | Liedbegleitung f\u00fcr Fortgeschrittene\"},{\"@type\":\"BreadcrumbList\",\"@id\":\"https:\\\/\\\/www.spassbeisaite.de\\\/wp03\\\/shop\\\/buecher\\\/michael-schmolke-spass-beisaite-bd-2-liedbegleitung-fuer-fortgeschrittene\\\/#breadcrumb\",\"itemListElement\":[{\"@type\":\"ListItem\",\"position\":1,\"name\":\"Startseite\",\"item\":\"https:\\\/\\\/www.spassbeisaite.de\\\/wp03\\\/\"},{\"@type\":\"ListItem\",\"position\":2,\"name\":\"Shop\",\"item\":\"https:\\\/\\\/www.spassbeisaite.de\\\/wp03\\\/shop\\\/\"},{\"@type\":\"ListItem\",\"position\":3,\"name\":\"Michael Schmolke | SPASS BEISAITE Bd 2: Liedbegleitung f\u00fcr Fortgeschrittene\"}]},{\"@type\":\"WebSite\",\"@id\":\"https:\\\/\\\/www.spassbeisaite.de\\\/wp03\\\/#website\",\"url\":\"https:\\\/\\\/www.spassbeisaite.de\\\/wp03\\\/\",\"name\":\"SPASS BEISAITE\u00ae\",\"description\":\"Musikverlag | Label | Unterricht\",\"publisher\":{\"@id\":\"https:\\\/\\\/www.spassbeisaite.de\\\/wp03\\\/#organization\"},\"potentialAction\":[{\"@type\":\"SearchAction\",\"target\":{\"@type\":\"EntryPoint\",\"urlTemplate\":\"https:\\\/\\\/www.spassbeisaite.de\\\/wp03\\\/?s={search_term_string}\"},\"query-input\":{\"@type\":\"PropertyValueSpecification\",\"valueRequired\":true,\"valueName\":\"search_term_string\"}}],\"inLanguage\":\"de\"},{\"@type\":\"Organization\",\"@id\":\"https:\\\/\\\/www.spassbeisaite.de\\\/wp03\\\/#organization\",\"name\":\"SPASS BEISAITE Musikverlag\",\"url\":\"https:\\\/\\\/www.spassbeisaite.de\\\/wp03\\\/\",\"logo\":{\"@type\":\"ImageObject\",\"inLanguage\":\"de\",\"@id\":\"https:\\\/\\\/www.spassbeisaite.de\\\/wp03\\\/#\\\/schema\\\/logo\\\/image\\\/\",\"url\":\"http:\\\/\\\/www.spassbeisaite.de\\\/wp03\\\/wp-content\\\/uploads\\\/2021\\\/07\\\/spass-schriftzug-14-wp-500x500-7.png\",\"contentUrl\":\"http:\\\/\\\/www.spassbeisaite.de\\\/wp03\\\/wp-content\\\/uploads\\\/2021\\\/07\\\/spass-schriftzug-14-wp-500x500-7.png\",\"width\":500,\"height\":500,\"caption\":\"SPASS BEISAITE Musikverlag\"},\"image\":{\"@id\":\"https:\\\/\\\/www.spassbeisaite.de\\\/wp03\\\/#\\\/schema\\\/logo\\\/image\\\/\"},\"sameAs\":[\"https:\\\/\\\/www.youtube.com\\\/channel\\\/UC0tdinT0D3WmEvlAVIQfsuQ\"]}]}<\/script>\n<!-- \/ Yoast SEO plugin. -->","yoast_head_json":{"title":"Michael Schmolke | SPASS BEISAITE Bd 2: Liedbegleitung f\u00fcr Fortgeschrittene | SPASS BEISAITE\u00ae","description":"Kursbuch f\u00fcr die musikalische Erwachsenenbildung. Fortsetzung zu SPASS BEISAITE Band 1. Anspruchsvollere Griffe und Begleitmuster. Lieder aus Folk, Pop, Klassik.","robots":{"index":"index","follow":"follow","max-snippet":"max-snippet:-1","max-image-preview":"max-image-preview:large","max-video-preview":"max-video-preview:-1"},"canonical":"https:\/\/www.spassbeisaite.de\/wp03\/shop\/buecher\/michael-schmolke-spass-beisaite-bd-2-liedbegleitung-fuer-fortgeschrittene\/","og_locale":"de_DE","og_type":"article","og_title":"Michael Schmolke | SPASS BEISAITE Bd 2: Liedbegleitung f\u00fcr Fortgeschrittene | SPASS BEISAITE\u00ae","og_description":"Kursbuch f\u00fcr die musikalische Erwachsenenbildung. Fortsetzung zu SPASS BEISAITE Band 1. Anspruchsvollere Griffe und Begleitmuster. Lieder aus Folk, Pop, Klassik.","og_url":"https:\/\/www.spassbeisaite.de\/wp03\/shop\/buecher\/michael-schmolke-spass-beisaite-bd-2-liedbegleitung-fuer-fortgeschrittene\/","og_site_name":"SPASS BEISAITE\u00ae","article_modified_time":"2022-10-14T12:08:03+00:00","og_image":[{"width":2560,"height":2560,"url":"https:\/\/www.spassbeisaite.de\/wp03\/wp-content\/uploads\/2021\/07\/sbs2-vs2-bookshop-150dpi-scaled.jpg","type":"image\/jpeg"}],"twitter_card":"summary_large_image","twitter_misc":{"Gesch\u00e4tzte Lesezeit":"1\u00a0Minute"},"schema":{"@context":"https:\/\/schema.org","@graph":[{"@type":"WebPage","@id":"https:\/\/www.spassbeisaite.de\/wp03\/shop\/buecher\/michael-schmolke-spass-beisaite-bd-2-liedbegleitung-fuer-fortgeschrittene\/","url":"https:\/\/www.spassbeisaite.de\/wp03\/shop\/buecher\/michael-schmolke-spass-beisaite-bd-2-liedbegleitung-fuer-fortgeschrittene\/","name":"Michael Schmolke | SPASS BEISAITE Bd 2: Liedbegleitung f\u00fcr Fortgeschrittene | SPASS BEISAITE\u00ae","isPartOf":{"@id":"https:\/\/www.spassbeisaite.de\/wp03\/#website"},"primaryImageOfPage":{"@id":"https:\/\/www.spassbeisaite.de\/wp03\/shop\/buecher\/michael-schmolke-spass-beisaite-bd-2-liedbegleitung-fuer-fortgeschrittene\/#primaryimage"},"image":{"@id":"https:\/\/www.spassbeisaite.de\/wp03\/shop\/buecher\/michael-schmolke-spass-beisaite-bd-2-liedbegleitung-fuer-fortgeschrittene\/#primaryimage"},"thumbnailUrl":"https:\/\/www.spassbeisaite.de\/wp03\/wp-content\/uploads\/2021\/07\/sbs2-vs2-bookshop-150dpi-scaled.jpg","datePublished":"2021-07-21T11:02:56+00:00","dateModified":"2022-10-14T12:08:03+00:00","description":"Kursbuch f\u00fcr die musikalische Erwachsenenbildung. Fortsetzung zu SPASS BEISAITE Band 1. Anspruchsvollere Griffe und Begleitmuster. Lieder aus Folk, Pop, Klassik.","breadcrumb":{"@id":"https:\/\/www.spassbeisaite.de\/wp03\/shop\/buecher\/michael-schmolke-spass-beisaite-bd-2-liedbegleitung-fuer-fortgeschrittene\/#breadcrumb"},"inLanguage":"de","potentialAction":[{"@type":"ReadAction","target":["https:\/\/www.spassbeisaite.de\/wp03\/shop\/buecher\/michael-schmolke-spass-beisaite-bd-2-liedbegleitung-fuer-fortgeschrittene\/"]}]},{"@type":"ImageObject","inLanguage":"de","@id":"https:\/\/www.spassbeisaite.de\/wp03\/shop\/buecher\/michael-schmolke-spass-beisaite-bd-2-liedbegleitung-fuer-fortgeschrittene\/#primaryimage","url":"https:\/\/www.spassbeisaite.de\/wp03\/wp-content\/uploads\/2021\/07\/sbs2-vs2-bookshop-150dpi-scaled.jpg","contentUrl":"https:\/\/www.spassbeisaite.de\/wp03\/wp-content\/uploads\/2021\/07\/sbs2-vs2-bookshop-150dpi-scaled.jpg","width":2560,"height":2560,"caption":"Michael Schmolke | SPASS BEISAITE Bd 2 | Liedbegleitung f\u00fcr Fortgeschrittene"},{"@type":"BreadcrumbList","@id":"https:\/\/www.spassbeisaite.de\/wp03\/shop\/buecher\/michael-schmolke-spass-beisaite-bd-2-liedbegleitung-fuer-fortgeschrittene\/#breadcrumb","itemListElement":[{"@type":"ListItem","position":1,"name":"Startseite","item":"https:\/\/www.spassbeisaite.de\/wp03\/"},{"@type":"ListItem","position":2,"name":"Shop","item":"https:\/\/www.spassbeisaite.de\/wp03\/shop\/"},{"@type":"ListItem","position":3,"name":"Michael Schmolke | SPASS BEISAITE Bd 2: Liedbegleitung f\u00fcr Fortgeschrittene"}]},{"@type":"WebSite","@id":"https:\/\/www.spassbeisaite.de\/wp03\/#website","url":"https:\/\/www.spassbeisaite.de\/wp03\/","name":"SPASS BEISAITE\u00ae","description":"Musikverlag | Label | Unterricht","publisher":{"@id":"https:\/\/www.spassbeisaite.de\/wp03\/#organization"},"potentialAction":[{"@type":"SearchAction","target":{"@type":"EntryPoint","urlTemplate":"https:\/\/www.spassbeisaite.de\/wp03\/?s={search_term_string}"},"query-input":{"@type":"PropertyValueSpecification","valueRequired":true,"valueName":"search_term_string"}}],"inLanguage":"de"},{"@type":"Organization","@id":"https:\/\/www.spassbeisaite.de\/wp03\/#organization","name":"SPASS BEISAITE Musikverlag","url":"https:\/\/www.spassbeisaite.de\/wp03\/","logo":{"@type":"ImageObject","inLanguage":"de","@id":"https:\/\/www.spassbeisaite.de\/wp03\/#\/schema\/logo\/image\/","url":"http:\/\/www.spassbeisaite.de\/wp03\/wp-content\/uploads\/2021\/07\/spass-schriftzug-14-wp-500x500-7.png","contentUrl":"http:\/\/www.spassbeisaite.de\/wp03\/wp-content\/uploads\/2021\/07\/spass-schriftzug-14-wp-500x500-7.png","width":500,"height":500,"caption":"SPASS BEISAITE Musikverlag"},"image":{"@id":"https:\/\/www.spassbeisaite.de\/wp03\/#\/schema\/logo\/image\/"},"sameAs":["https:\/\/www.youtube.com\/channel\/UC0tdinT0D3WmEvlAVIQfsuQ"]}]}},"_links":{"self":[{"href":"https:\/\/www.spassbeisaite.de\/wp03\/wp-json\/wp\/v2\/product\/553","targetHints":{"allow":["GET"]}}],"collection":[{"href":"https:\/\/www.spassbeisaite.de\/wp03\/wp-json\/wp\/v2\/product"}],"about":[{"href":"https:\/\/www.spassbeisaite.de\/wp03\/wp-json\/wp\/v2\/types\/product"}],"wp:featuredmedia":[{"embeddable":true,"href":"https:\/\/www.spassbeisaite.de\/wp03\/wp-json\/wp\/v2\/media\/760"}],"wp:attachment":[{"href":"https:\/\/www.spassbeisaite.de\/wp03\/wp-json\/wp\/v2\/media?parent=553"}],"wp:term":[{"taxonomy":"product_brand","embeddable":true,"href":"https:\/\/www.spassbeisaite.de\/wp03\/wp-json\/wp\/v2\/product_brand?post=553"},{"taxonomy":"product_cat","embeddable":true,"href":"https:\/\/www.spassbeisaite.de\/wp03\/wp-json\/wp\/v2\/product_cat?post=553"},{"taxonomy":"product_tag","embeddable":true,"href":"https:\/\/www.spassbeisaite.de\/wp03\/wp-json\/wp\/v2\/product_tag?post=553"}],"curies":[{"name":"wp","href":"https:\/\/api.w.org\/{rel}","templated":true}]}}