{"id":2125,"date":"2024-11-02T18:37:14","date_gmt":"2024-11-02T17:37:14","guid":{"rendered":"https:\/\/www.spassbeisaite.de\/wp03\/?post_type=product&#038;p=2125"},"modified":"2024-11-02T18:39:14","modified_gmt":"2024-11-02T17:39:14","slug":"michael-schmolke-15-bach-inventionen-fuer-zwei-gitarren-band-2-b-stock","status":"publish","type":"product","link":"https:\/\/www.spassbeisaite.de\/wp03\/shop\/buecher\/michael-schmolke-15-bach-inventionen-fuer-zwei-gitarren-band-2-b-stock\/","title":{"rendered":"Michael Schmolke | 15 Bach-Inventionen f\u00fcr zwei Gitarren, Band 2, B-Stock"},"content":{"rendered":"<p>&#8222;B-Stock&#8220; = Versandr\u00fcckl\u00e4ufer. Eventuell geringe Gebrauchsspuren. Nur 1 Exemplar verf\u00fcgbar!<\/p>\n<p>Autor: Michael Schmolke<\/p>\n<p>ISMN: 979-0-700175-05-4 | 64 Seiten, Softcover | 42 Playalong-Tracks<\/p>\n<p><strong>Partitur, Analyse, optionale Gitarre 3<\/strong><\/p>\n<ul>\n<li>Fortsetzung zu Band 1<\/li>\n<li>Ausf\u00fchrliche harmonische Analyse (Tonmaterial, Stufenharmonik, Akkordsymbole)<\/li>\n<li>Detaillierte Partitur<\/li>\n<li>Neu komponierte optionale Gitarre 3 (Begleitgitarre im leichten bis mittleren Schwierigkeitsgrad) als Theorie-Praxis-Transfer<\/li>\n<li><a href=\"http:\/\/inventionen.eu\/pdf\/inv-bd2-DE-Vorwort.pdf\" target=\"_blank\" rel=\"noopener\">Vorwort zu Band 2 (pdf)<\/a><\/li>\n<li><a title=\"Beispielseiten\" href=\"https:\/\/inventionen.eu\/pdf\/inv-bd2-ExamplePages.pdf\" target=\"_blank\" rel=\"noopener\">Beispielseiten (pdf)<\/a><\/li>\n<\/ul>\n<p><strong>H\u00f6rbeispiele<\/strong><\/p>\n<div  class='avia-video av-21ifgi-dc65bfe2d402e053b30b30928aa17453 avia-video-16-9 av-no-preview-image avia-video-load-always av-lazyload-immediate av-lazyload-video-embed'  itemprop=\"video\" itemtype=\"https:\/\/schema.org\/VideoObject\"  data-original_url='https:\/\/youtu.be\/PD8ZlfKv-kw'><script type='text\/html' class='av-video-tmpl'><div class='avia-iframe-wrap'><iframe loading=\"lazy\" title=\"Invention 4, C Minor, Bwv 775 (Arr. For Three Guitars, 3Rd Guit. Composed By M. Schmolke)\" width=\"1333\" height=\"1000\" src=\"https:\/\/www.youtube.com\/embed\/PD8ZlfKv-kw?feature=oembed&autoplay=0&loop=0&controls=1&mute=0\" frameborder=\"0\" allow=\"accelerometer; autoplay; clipboard-write; encrypted-media; gyroscope; picture-in-picture\" allowfullscreen><\/iframe><\/div><\/script><div class='av-click-to-play-overlay'><div class=\"avia_playpause_icon\"><\/div><\/div><\/div>\n<div  class='avia-video av-21ifgi-1-9dc08085b63082234b76fe158737bbf7 avia-video-16-9 av-no-preview-image avia-video-load-always av-lazyload-immediate av-lazyload-video-embed'  itemprop=\"video\" itemtype=\"https:\/\/schema.org\/VideoObject\"  data-original_url='https:\/\/youtu.be\/dUl91NN0Wj8'><script type='text\/html' class='av-video-tmpl'><div class='avia-iframe-wrap'><iframe loading=\"lazy\" title=\"Invention 14, G Major, Bwv 785 (Arr. For Three Guitars, 3Rd Guit. Composed By M. Schmolke)\" width=\"1333\" height=\"1000\" src=\"https:\/\/www.youtube.com\/embed\/dUl91NN0Wj8?feature=oembed&autoplay=0&loop=0&controls=1&mute=0\" frameborder=\"0\" allow=\"accelerometer; autoplay; clipboard-write; encrypted-media; gyroscope; picture-in-picture\" allowfullscreen><\/iframe><\/div><\/script><div class='av-click-to-play-overlay'><div class=\"avia_playpause_icon\"><\/div><\/div><\/div>\n<p><strong>Inventionen anh\u00f6ren und mitlesen und weitere ausf\u00fchrliche Informationen erhalten auf <a href=\"http:\/\/www.inventionen.eu\" target=\"_blank\" rel=\"noopener\">inventionen.eu<\/a>:<\/strong><\/p>\n<p><a href=\"https:\/\/inventionen.eu\/index.php\/de\/inventionen\/invention-1\" target=\"_blank\" rel=\"noopener\"><img loading=\"lazy\" decoding=\"async\" class=\"alignnone wp-image-739 size-full\" src=\"https:\/\/www.spassbeisaite.de\/wp03\/wp-content\/uploads\/2021\/07\/screenshot-inventionen-eu.jpg\" alt=\"\" width=\"2560\" height=\"1720\" srcset=\"https:\/\/www.spassbeisaite.de\/wp03\/wp-content\/uploads\/2021\/07\/screenshot-inventionen-eu.jpg 2560w, https:\/\/www.spassbeisaite.de\/wp03\/wp-content\/uploads\/2021\/07\/screenshot-inventionen-eu-300x202.jpg 300w, https:\/\/www.spassbeisaite.de\/wp03\/wp-content\/uploads\/2021\/07\/screenshot-inventionen-eu-1030x692.jpg 1030w, https:\/\/www.spassbeisaite.de\/wp03\/wp-content\/uploads\/2021\/07\/screenshot-inventionen-eu-768x516.jpg 768w, https:\/\/www.spassbeisaite.de\/wp03\/wp-content\/uploads\/2021\/07\/screenshot-inventionen-eu-1536x1032.jpg 1536w, https:\/\/www.spassbeisaite.de\/wp03\/wp-content\/uploads\/2021\/07\/screenshot-inventionen-eu-2048x1376.jpg 2048w, https:\/\/www.spassbeisaite.de\/wp03\/wp-content\/uploads\/2021\/07\/screenshot-inventionen-eu-1500x1008.jpg 1500w, https:\/\/www.spassbeisaite.de\/wp03\/wp-content\/uploads\/2021\/07\/screenshot-inventionen-eu-705x474.jpg 705w, https:\/\/www.spassbeisaite.de\/wp03\/wp-content\/uploads\/2021\/07\/screenshot-inventionen-eu-600x403.jpg 600w\" sizes=\"auto, (max-width: 2560px) 100vw, 2560px\" \/><\/a><\/p>\n","protected":false},"excerpt":{"rendered":"<h4>Partitur, Analyse, optionale Gitarre 3 &#8211; B-Stock<\/h4>\n<p>Fortsetzung zu Band 1<\/p>\n<p>Autor: Michael Schmolke<\/p>\n<p>ISMN: 979-0-700175-05-4 | 64 Seiten, Softcover | 42 Playlong-Tracks<\/p>\n","protected":false},"featured_media":513,"template":"","meta":[],"product_brand":[],"product_cat":[47],"product_tag":[92,159,94,83,84,93,81,80,158,85,86,87,49,63,64,90],"class_list":{"0":"post-2125","1":"product","2":"type-product","3":"status-publish","4":"has-post-thumbnail","6":"product_cat-buecher","7":"product_tag-bach-transkription-fuer-gitarre","8":"product_tag-barock-gitarre","9":"product_tag-gitarre-fortgeschrittene","10":"product_tag-gitarrenduo","11":"product_tag-gitarrentrio","12":"product_tag-gruppenunterricht-gitarre","13":"product_tag-inventionen-bach","14":"product_tag-j-s-bach","15":"product_tag-klassik-gitarre","16":"product_tag-musik-improvisation","17":"product_tag-musik-komposition","18":"product_tag-musikanalyse","19":"product_tag-musiknoten","20":"product_tag-spass-bei-saite","21":"product_tag-spass-beisaite","22":"product_tag-transkription-fuer-gitarre","24":"first","25":"instock","26":"shipping-taxable","27":"purchasable","28":"product-type-simple"},"yoast_head":"<!-- This site is optimized with the Yoast SEO plugin v27.4 - https:\/\/yoast.com\/product\/yoast-seo-wordpress\/ -->\n<title>Michael Schmolke | 15 Bach-Inventionen f\u00fcr zwei Gitarren, Band 2, B-Stock | SPASS BEISAITE\u00ae<\/title>\n<meta name=\"description\" content=\"Ausf\u00fchrliche harmonische Analyse, detaillierte Partitur, neu komponierte Gitarre 3. Optimaler Theorie-Praxis-Transfer f\u00fcr Gitarristen.\" \/>\n<meta name=\"robots\" content=\"index, follow, max-snippet:-1, max-image-preview:large, max-video-preview:-1\" \/>\n<link rel=\"canonical\" href=\"https:\/\/www.spassbeisaite.de\/wp03\/shop\/buecher\/michael-schmolke-15-bach-inventionen-fuer-zwei-gitarren-band-2-b-stock\/\" \/>\n<meta property=\"og:locale\" content=\"de_DE\" \/>\n<meta property=\"og:type\" content=\"article\" \/>\n<meta property=\"og:title\" content=\"Michael Schmolke | 15 Bach-Inventionen f\u00fcr zwei Gitarren, Band 2, B-Stock | SPASS BEISAITE\u00ae\" \/>\n<meta property=\"og:description\" content=\"Ausf\u00fchrliche harmonische Analyse, detaillierte Partitur, neu komponierte Gitarre 3. Optimaler Theorie-Praxis-Transfer f\u00fcr Gitarristen.\" \/>\n<meta property=\"og:url\" content=\"https:\/\/www.spassbeisaite.de\/wp03\/shop\/buecher\/michael-schmolke-15-bach-inventionen-fuer-zwei-gitarren-band-2-b-stock\/\" \/>\n<meta property=\"og:site_name\" content=\"SPASS BEISAITE\u00ae\" \/>\n<meta property=\"article:modified_time\" content=\"2024-11-02T17:39:14+00:00\" \/>\n<meta property=\"og:image\" content=\"https:\/\/www.spassbeisaite.de\/wp03\/wp-content\/uploads\/2021\/07\/inv2-bookshop-150dpi-scaled.jpg\" \/>\n\t<meta property=\"og:image:width\" content=\"2560\" \/>\n\t<meta property=\"og:image:height\" content=\"2560\" \/>\n\t<meta property=\"og:image:type\" content=\"image\/jpeg\" \/>\n<meta name=\"twitter:card\" content=\"summary_large_image\" \/>\n<meta name=\"twitter:label1\" content=\"Gesch\u00e4tzte Lesezeit\" \/>\n\t<meta name=\"twitter:data1\" content=\"1\u00a0Minute\" \/>\n<script type=\"application\/ld+json\" class=\"yoast-schema-graph\">{\"@context\":\"https:\\\/\\\/schema.org\",\"@graph\":[{\"@type\":\"WebPage\",\"@id\":\"https:\\\/\\\/www.spassbeisaite.de\\\/wp03\\\/shop\\\/buecher\\\/michael-schmolke-15-bach-inventionen-fuer-zwei-gitarren-band-2-b-stock\\\/\",\"url\":\"https:\\\/\\\/www.spassbeisaite.de\\\/wp03\\\/shop\\\/buecher\\\/michael-schmolke-15-bach-inventionen-fuer-zwei-gitarren-band-2-b-stock\\\/\",\"name\":\"Michael Schmolke | 15 Bach-Inventionen f\u00fcr zwei Gitarren, Band 2, B-Stock | SPASS BEISAITE\u00ae\",\"isPartOf\":{\"@id\":\"https:\\\/\\\/www.spassbeisaite.de\\\/wp03\\\/#website\"},\"primaryImageOfPage\":{\"@id\":\"https:\\\/\\\/www.spassbeisaite.de\\\/wp03\\\/shop\\\/buecher\\\/michael-schmolke-15-bach-inventionen-fuer-zwei-gitarren-band-2-b-stock\\\/#primaryimage\"},\"image\":{\"@id\":\"https:\\\/\\\/www.spassbeisaite.de\\\/wp03\\\/shop\\\/buecher\\\/michael-schmolke-15-bach-inventionen-fuer-zwei-gitarren-band-2-b-stock\\\/#primaryimage\"},\"thumbnailUrl\":\"https:\\\/\\\/www.spassbeisaite.de\\\/wp03\\\/wp-content\\\/uploads\\\/2021\\\/07\\\/inv2-bookshop-150dpi-scaled.jpg\",\"datePublished\":\"2024-11-02T17:37:14+00:00\",\"dateModified\":\"2024-11-02T17:39:14+00:00\",\"description\":\"Ausf\u00fchrliche harmonische Analyse, detaillierte Partitur, neu komponierte Gitarre 3. Optimaler Theorie-Praxis-Transfer f\u00fcr Gitarristen.\",\"breadcrumb\":{\"@id\":\"https:\\\/\\\/www.spassbeisaite.de\\\/wp03\\\/shop\\\/buecher\\\/michael-schmolke-15-bach-inventionen-fuer-zwei-gitarren-band-2-b-stock\\\/#breadcrumb\"},\"inLanguage\":\"de\",\"potentialAction\":[{\"@type\":\"ReadAction\",\"target\":[\"https:\\\/\\\/www.spassbeisaite.de\\\/wp03\\\/shop\\\/buecher\\\/michael-schmolke-15-bach-inventionen-fuer-zwei-gitarren-band-2-b-stock\\\/\"]}]},{\"@type\":\"ImageObject\",\"inLanguage\":\"de\",\"@id\":\"https:\\\/\\\/www.spassbeisaite.de\\\/wp03\\\/shop\\\/buecher\\\/michael-schmolke-15-bach-inventionen-fuer-zwei-gitarren-band-2-b-stock\\\/#primaryimage\",\"url\":\"https:\\\/\\\/www.spassbeisaite.de\\\/wp03\\\/wp-content\\\/uploads\\\/2021\\\/07\\\/inv2-bookshop-150dpi-scaled.jpg\",\"contentUrl\":\"https:\\\/\\\/www.spassbeisaite.de\\\/wp03\\\/wp-content\\\/uploads\\\/2021\\\/07\\\/inv2-bookshop-150dpi-scaled.jpg\",\"width\":2560,\"height\":2560,\"caption\":\"15 Bach-Inventionen f\u00fcr zwei Gitarren, Bd. 2\"},{\"@type\":\"BreadcrumbList\",\"@id\":\"https:\\\/\\\/www.spassbeisaite.de\\\/wp03\\\/shop\\\/buecher\\\/michael-schmolke-15-bach-inventionen-fuer-zwei-gitarren-band-2-b-stock\\\/#breadcrumb\",\"itemListElement\":[{\"@type\":\"ListItem\",\"position\":1,\"name\":\"Startseite\",\"item\":\"https:\\\/\\\/www.spassbeisaite.de\\\/wp03\\\/\"},{\"@type\":\"ListItem\",\"position\":2,\"name\":\"Shop\",\"item\":\"https:\\\/\\\/www.spassbeisaite.de\\\/wp03\\\/shop\\\/\"},{\"@type\":\"ListItem\",\"position\":3,\"name\":\"Michael Schmolke | 15 Bach-Inventionen f\u00fcr zwei Gitarren, Band 2, B-Stock\"}]},{\"@type\":\"WebSite\",\"@id\":\"https:\\\/\\\/www.spassbeisaite.de\\\/wp03\\\/#website\",\"url\":\"https:\\\/\\\/www.spassbeisaite.de\\\/wp03\\\/\",\"name\":\"SPASS BEISAITE\u00ae\",\"description\":\"Musikverlag | Label | Unterricht\",\"publisher\":{\"@id\":\"https:\\\/\\\/www.spassbeisaite.de\\\/wp03\\\/#organization\"},\"potentialAction\":[{\"@type\":\"SearchAction\",\"target\":{\"@type\":\"EntryPoint\",\"urlTemplate\":\"https:\\\/\\\/www.spassbeisaite.de\\\/wp03\\\/?s={search_term_string}\"},\"query-input\":{\"@type\":\"PropertyValueSpecification\",\"valueRequired\":true,\"valueName\":\"search_term_string\"}}],\"inLanguage\":\"de\"},{\"@type\":\"Organization\",\"@id\":\"https:\\\/\\\/www.spassbeisaite.de\\\/wp03\\\/#organization\",\"name\":\"SPASS BEISAITE Musikverlag\",\"url\":\"https:\\\/\\\/www.spassbeisaite.de\\\/wp03\\\/\",\"logo\":{\"@type\":\"ImageObject\",\"inLanguage\":\"de\",\"@id\":\"https:\\\/\\\/www.spassbeisaite.de\\\/wp03\\\/#\\\/schema\\\/logo\\\/image\\\/\",\"url\":\"http:\\\/\\\/www.spassbeisaite.de\\\/wp03\\\/wp-content\\\/uploads\\\/2021\\\/07\\\/spass-schriftzug-14-wp-500x500-7.png\",\"contentUrl\":\"http:\\\/\\\/www.spassbeisaite.de\\\/wp03\\\/wp-content\\\/uploads\\\/2021\\\/07\\\/spass-schriftzug-14-wp-500x500-7.png\",\"width\":500,\"height\":500,\"caption\":\"SPASS BEISAITE Musikverlag\"},\"image\":{\"@id\":\"https:\\\/\\\/www.spassbeisaite.de\\\/wp03\\\/#\\\/schema\\\/logo\\\/image\\\/\"},\"sameAs\":[\"https:\\\/\\\/www.youtube.com\\\/channel\\\/UC0tdinT0D3WmEvlAVIQfsuQ\"]}]}<\/script>\n<!-- \/ Yoast SEO plugin. -->","yoast_head_json":{"title":"Michael Schmolke | 15 Bach-Inventionen f\u00fcr zwei Gitarren, Band 2, B-Stock | SPASS BEISAITE\u00ae","description":"Ausf\u00fchrliche harmonische Analyse, detaillierte Partitur, neu komponierte Gitarre 3. Optimaler Theorie-Praxis-Transfer f\u00fcr Gitarristen.","robots":{"index":"index","follow":"follow","max-snippet":"max-snippet:-1","max-image-preview":"max-image-preview:large","max-video-preview":"max-video-preview:-1"},"canonical":"https:\/\/www.spassbeisaite.de\/wp03\/shop\/buecher\/michael-schmolke-15-bach-inventionen-fuer-zwei-gitarren-band-2-b-stock\/","og_locale":"de_DE","og_type":"article","og_title":"Michael Schmolke | 15 Bach-Inventionen f\u00fcr zwei Gitarren, Band 2, B-Stock | SPASS BEISAITE\u00ae","og_description":"Ausf\u00fchrliche harmonische Analyse, detaillierte Partitur, neu komponierte Gitarre 3. Optimaler Theorie-Praxis-Transfer f\u00fcr Gitarristen.","og_url":"https:\/\/www.spassbeisaite.de\/wp03\/shop\/buecher\/michael-schmolke-15-bach-inventionen-fuer-zwei-gitarren-band-2-b-stock\/","og_site_name":"SPASS BEISAITE\u00ae","article_modified_time":"2024-11-02T17:39:14+00:00","og_image":[{"width":2560,"height":2560,"url":"https:\/\/www.spassbeisaite.de\/wp03\/wp-content\/uploads\/2021\/07\/inv2-bookshop-150dpi-scaled.jpg","type":"image\/jpeg"}],"twitter_card":"summary_large_image","twitter_misc":{"Gesch\u00e4tzte Lesezeit":"1\u00a0Minute"},"schema":{"@context":"https:\/\/schema.org","@graph":[{"@type":"WebPage","@id":"https:\/\/www.spassbeisaite.de\/wp03\/shop\/buecher\/michael-schmolke-15-bach-inventionen-fuer-zwei-gitarren-band-2-b-stock\/","url":"https:\/\/www.spassbeisaite.de\/wp03\/shop\/buecher\/michael-schmolke-15-bach-inventionen-fuer-zwei-gitarren-band-2-b-stock\/","name":"Michael Schmolke | 15 Bach-Inventionen f\u00fcr zwei Gitarren, Band 2, B-Stock | SPASS BEISAITE\u00ae","isPartOf":{"@id":"https:\/\/www.spassbeisaite.de\/wp03\/#website"},"primaryImageOfPage":{"@id":"https:\/\/www.spassbeisaite.de\/wp03\/shop\/buecher\/michael-schmolke-15-bach-inventionen-fuer-zwei-gitarren-band-2-b-stock\/#primaryimage"},"image":{"@id":"https:\/\/www.spassbeisaite.de\/wp03\/shop\/buecher\/michael-schmolke-15-bach-inventionen-fuer-zwei-gitarren-band-2-b-stock\/#primaryimage"},"thumbnailUrl":"https:\/\/www.spassbeisaite.de\/wp03\/wp-content\/uploads\/2021\/07\/inv2-bookshop-150dpi-scaled.jpg","datePublished":"2024-11-02T17:37:14+00:00","dateModified":"2024-11-02T17:39:14+00:00","description":"Ausf\u00fchrliche harmonische Analyse, detaillierte Partitur, neu komponierte Gitarre 3. Optimaler Theorie-Praxis-Transfer f\u00fcr Gitarristen.","breadcrumb":{"@id":"https:\/\/www.spassbeisaite.de\/wp03\/shop\/buecher\/michael-schmolke-15-bach-inventionen-fuer-zwei-gitarren-band-2-b-stock\/#breadcrumb"},"inLanguage":"de","potentialAction":[{"@type":"ReadAction","target":["https:\/\/www.spassbeisaite.de\/wp03\/shop\/buecher\/michael-schmolke-15-bach-inventionen-fuer-zwei-gitarren-band-2-b-stock\/"]}]},{"@type":"ImageObject","inLanguage":"de","@id":"https:\/\/www.spassbeisaite.de\/wp03\/shop\/buecher\/michael-schmolke-15-bach-inventionen-fuer-zwei-gitarren-band-2-b-stock\/#primaryimage","url":"https:\/\/www.spassbeisaite.de\/wp03\/wp-content\/uploads\/2021\/07\/inv2-bookshop-150dpi-scaled.jpg","contentUrl":"https:\/\/www.spassbeisaite.de\/wp03\/wp-content\/uploads\/2021\/07\/inv2-bookshop-150dpi-scaled.jpg","width":2560,"height":2560,"caption":"15 Bach-Inventionen f\u00fcr zwei Gitarren, Bd. 2"},{"@type":"BreadcrumbList","@id":"https:\/\/www.spassbeisaite.de\/wp03\/shop\/buecher\/michael-schmolke-15-bach-inventionen-fuer-zwei-gitarren-band-2-b-stock\/#breadcrumb","itemListElement":[{"@type":"ListItem","position":1,"name":"Startseite","item":"https:\/\/www.spassbeisaite.de\/wp03\/"},{"@type":"ListItem","position":2,"name":"Shop","item":"https:\/\/www.spassbeisaite.de\/wp03\/shop\/"},{"@type":"ListItem","position":3,"name":"Michael Schmolke | 15 Bach-Inventionen f\u00fcr zwei Gitarren, Band 2, B-Stock"}]},{"@type":"WebSite","@id":"https:\/\/www.spassbeisaite.de\/wp03\/#website","url":"https:\/\/www.spassbeisaite.de\/wp03\/","name":"SPASS BEISAITE\u00ae","description":"Musikverlag | Label | Unterricht","publisher":{"@id":"https:\/\/www.spassbeisaite.de\/wp03\/#organization"},"potentialAction":[{"@type":"SearchAction","target":{"@type":"EntryPoint","urlTemplate":"https:\/\/www.spassbeisaite.de\/wp03\/?s={search_term_string}"},"query-input":{"@type":"PropertyValueSpecification","valueRequired":true,"valueName":"search_term_string"}}],"inLanguage":"de"},{"@type":"Organization","@id":"https:\/\/www.spassbeisaite.de\/wp03\/#organization","name":"SPASS BEISAITE Musikverlag","url":"https:\/\/www.spassbeisaite.de\/wp03\/","logo":{"@type":"ImageObject","inLanguage":"de","@id":"https:\/\/www.spassbeisaite.de\/wp03\/#\/schema\/logo\/image\/","url":"http:\/\/www.spassbeisaite.de\/wp03\/wp-content\/uploads\/2021\/07\/spass-schriftzug-14-wp-500x500-7.png","contentUrl":"http:\/\/www.spassbeisaite.de\/wp03\/wp-content\/uploads\/2021\/07\/spass-schriftzug-14-wp-500x500-7.png","width":500,"height":500,"caption":"SPASS BEISAITE Musikverlag"},"image":{"@id":"https:\/\/www.spassbeisaite.de\/wp03\/#\/schema\/logo\/image\/"},"sameAs":["https:\/\/www.youtube.com\/channel\/UC0tdinT0D3WmEvlAVIQfsuQ"]}]}},"_links":{"self":[{"href":"https:\/\/www.spassbeisaite.de\/wp03\/wp-json\/wp\/v2\/product\/2125","targetHints":{"allow":["GET"]}}],"collection":[{"href":"https:\/\/www.spassbeisaite.de\/wp03\/wp-json\/wp\/v2\/product"}],"about":[{"href":"https:\/\/www.spassbeisaite.de\/wp03\/wp-json\/wp\/v2\/types\/product"}],"wp:featuredmedia":[{"embeddable":true,"href":"https:\/\/www.spassbeisaite.de\/wp03\/wp-json\/wp\/v2\/media\/513"}],"wp:attachment":[{"href":"https:\/\/www.spassbeisaite.de\/wp03\/wp-json\/wp\/v2\/media?parent=2125"}],"wp:term":[{"taxonomy":"product_brand","embeddable":true,"href":"https:\/\/www.spassbeisaite.de\/wp03\/wp-json\/wp\/v2\/product_brand?post=2125"},{"taxonomy":"product_cat","embeddable":true,"href":"https:\/\/www.spassbeisaite.de\/wp03\/wp-json\/wp\/v2\/product_cat?post=2125"},{"taxonomy":"product_tag","embeddable":true,"href":"https:\/\/www.spassbeisaite.de\/wp03\/wp-json\/wp\/v2\/product_tag?post=2125"}],"curies":[{"name":"wp","href":"https:\/\/api.w.org\/{rel}","templated":true}]}}