{"id":1888,"date":"2022-02-15T12:32:04","date_gmt":"2022-02-15T11:32:04","guid":{"rendered":"http:\/\/www.spassbeisaite.de\/wp03\/?post_type=product&#038;p=1888"},"modified":"2024-11-14T11:01:26","modified_gmt":"2024-11-14T10:01:26","slug":"michael-schmolke-j-s-bach-invention-11-bwv-782-2-3-guitars-ebook-audio","status":"publish","type":"product","link":"https:\/\/www.spassbeisaite.de\/wp03\/shop\/ebooks\/michael-schmolke-j-s-bach-invention-11-bwv-782-2-3-guitars-ebook-audio\/","title":{"rendered":"Michael Schmolke | J.S. Bach: Invention 11, BWV 782 | 2-3 Guitars |  Ebook + Audio"},"content":{"rendered":"<p>ISMN: 979-0-700175-19-1<\/p>\n<p>E Book (pdf), 8 Pages plus 5 Playback-Tracks (mp3).<\/p>\n<p>Download File 29,2 MB.<\/p>\n<h4>Hinweis:<\/h4>\n<p>Die hier angebotenen Arrangements sind ein Auszug aus folgenden beiden B\u00fcchern:<\/p>\n<p><a href=\"https:\/\/www.spassbeisaite.de\/wp03\/shop\/buecher\/michael-schmolke-15-bach-inventionen-fuer-zwei-gitarren-band-1-spass-beisaite-musikverlag\/\">Michael Schmolke | 15 Bach-Inventionen f\u00fcr zwei Gitarren, Band 1<\/a><br \/>\nSeiten 44-47<\/p>\n<p><a href=\"https:\/\/www.spassbeisaite.de\/wp03\/shop\/buecher\/michael-schmolke-15-bach-inventionen-fuer-zwei-gitarren-band-2-spass-beisaite-musikverlag\/\">Michael Schmolke | 15 Bach-Inventionen f\u00fcr zwei Gitarren, Band 2<\/a><br \/>\nSeiten 44-47<\/p>\n<p>Wer diese beiden B\u00fccher bereits besitzt, braucht dieses Ebook nicht zu kaufen! \ud83d\ude09<\/p>\n<h4>Die Invention 11 BWV 782 in einer Bearbeitung f\u00fcr 2-3 Gitarren<\/h4>\n<p>F\u00fcr Studierende der Gitarre ist die technische Bew\u00e4ltigung der Invention 11 BWV 782 eine spannende Herausforderung. Nur wenigen Solo-Virtuosen ist es verg\u00f6nnt, das urspr\u00fcnglich f\u00fcr Klavier komponierte St\u00fcck alleine auf einer Gitarre zu meistern &#8211; und das auch nur mit deutlich h\u00f6rbaren \u00c4nderungen am Originalarrangement.<\/p>\n<p>Die<strong> Aufteilung der Stimmen auf zwei oder drei Gitarren<\/strong> (mittlerer Schwierigkeitsgrad) bereitet da viel gr\u00f6\u00dferen Musikgenuss &#8211; f\u00fcr Ausf\u00fchrende wie Zuh\u00f6rende.<\/p>\n<p>Es macht gro\u00dfen Spa\u00df, die Motive, Phrasen und Melodieb\u00f6gen m\u00f6glichst flott und perfekt zu spielen, <em>aber:<\/em> Tempo und Perfektion sind tats\u00e4chlich nur die halbe Miete!<\/p>\n<p>Bach fordert n\u00e4mlich in seinem Vorwort zu den Inventionen vor allem eine &#8222;cantable&#8220; (gesangliche) Spielweise und w\u00fcnscht sich, die Sch\u00fcler m\u00f6gen einem &#8222;Vorschmack von der Composition&#8220; erhalten. Es war ihm offensichtlich sehr wichtig, einem seelenlosen, rein mechanistischen Vortrag entgegenzuwirken.<\/p>\n<p>Ganz im Sinne dieser urspr\u00fcnglichen Idee bietet das vorliegende Ebook nicht nur eine <strong>Transkripition und Einrichtung f\u00fcr 2 Gitarren<\/strong> (mit optimalen Fingers\u00e4tzen f\u00fcr gute klangliche Ergebnisse, inkl. Tabulaturen f\u00fcr Git 1 und 2). Es pr\u00e4sentiert ebenso eine ausf\u00fchrliche <strong>harmonische Analyse<\/strong>, die schlie\u00dflich in die Komposition einer <strong>dritten Gitarrenstimme<\/strong> m\u00fcndet. Diese entpuppt sich nicht als stumpfe Akkordbegleitung sondern als schlankes und durchsichtiges Arrangement, das die Melodieverl\u00e4ufe der 1. und 2. Stimme niemals \u00fcberdeckt.<\/p>\n<p>Fazit: Gitarrenfans aller Stilrichtungen erhalten hier nicht nur einen interessanten Einblick in Bachs Musikwelt. Das Ebook mit seinen Audiodateien bietet zudem wertvolle Anregungen f\u00fcr eigene Kompositions- und Improvisationsprojekte.<\/p>\n<p>Die mitgelieferten Playback-Tracks beinhalten Aufnahmen der Einzelstimmen. Zudem ist am Anfang der St\u00fccke jeweils ein Metronom zu h\u00f6ren, um das Zusammenspiel zu erm\u00f6glichen.<\/p>\n<h4>Invention 11 BWV 782 (2 Guitars)<\/h4>\n<div  class='avia-video f4Q41ZxgHfc-4b41a4f0ae12c616d1530f628c49a233 avia-video-16-9 av-no-preview-image avia-video-load-always av-lazyload-immediate av-lazyload-video-embed'  itemprop=\"video\" itemtype=\"https:\/\/schema.org\/VideoObject\"  data-original_url='https:\/\/youtu.be\/f4Q41ZxgHfc'><script type='text\/html' class='av-video-tmpl'><div class='avia-iframe-wrap'><iframe loading=\"lazy\" title=\"Invention 11, E Minor, Bwv 782 (Arr. For Two Guitars)\" width=\"1333\" height=\"1000\" src=\"https:\/\/www.youtube.com\/embed\/f4Q41ZxgHfc?feature=oembed&autoplay=0&loop=0&controls=1&mute=0\" frameborder=\"0\" allow=\"accelerometer; autoplay; clipboard-write; encrypted-media; gyroscope; picture-in-picture\" allowfullscreen><\/iframe><\/div><\/script><div class='av-click-to-play-overlay'><div class=\"avia_playpause_icon\"><\/div><\/div><\/div>\n<h4>Invention 11 BWV 782 (3 Guitars):<\/h4>\n<div  class='avia-video -JMMoOA_uLCU-3f55f9bd20ce70e7a6fdecf4343fec7f avia-video-16-9 av-no-preview-image avia-video-load-always av-lazyload-immediate av-lazyload-video-embed'  itemprop=\"video\" itemtype=\"https:\/\/schema.org\/VideoObject\"  data-original_url='https:\/\/youtu.be\/JMMoOA_uLCU'><script type='text\/html' class='av-video-tmpl'><div class='avia-iframe-wrap'><iframe loading=\"lazy\" title=\"Invention 11, E Minor, Bwv 782 (Arr. For Three Guitars, 3Rd Guit. Composed By M. Schmolke)\" width=\"1333\" height=\"1000\" src=\"https:\/\/www.youtube.com\/embed\/JMMoOA_uLCU?feature=oembed&autoplay=0&loop=0&controls=1&mute=0\" frameborder=\"0\" allow=\"accelerometer; autoplay; clipboard-write; encrypted-media; gyroscope; picture-in-picture\" allowfullscreen><\/iframe><\/div><\/script><div class='av-click-to-play-overlay'><div class=\"avia_playpause_icon\"><\/div><\/div><\/div>\n<p>Mehr Informationen, Videos und Workshops auf <a href=\"https:\/\/inventionen.eu\" target=\"_blank\" rel=\"noopener\">inventionen.eu<\/a><\/p>\n","protected":false},"excerpt":{"rendered":"<p>ISMN: 979-0-700175-19-1<\/p>\n<p>E Book (pdf), 8 Pages plus 5 Playback-Tracks (mp3).<\/p>\n<p>Download File 29,2 MB.<\/p>\n<p>Du erh\u00e4ltst nach Kaufabwicklung einen <strong>einmalig verwendbaren Download-Link <\/strong>per Mail und \u2013 sofern vorhanden \u2013 im Kundenkonto.<\/p>\n","protected":false},"featured_media":1730,"template":"","meta":[],"product_brand":[],"product_cat":[48],"product_tag":[177,113,180,194,179,178],"class_list":{"0":"post-1888","1":"product","2":"type-product","3":"status-publish","4":"has-post-thumbnail","6":"product_cat-ebooks","7":"product_tag-bach-fuer-gitarre","8":"product_tag-bach-transkription-gitarre","9":"product_tag-improvisation-gitarre","10":"product_tag-invention-11-bwv-782-fuer-2-gitarren","11":"product_tag-inventionen-transkription-und-einrichtung-fuer-2-gitarren","12":"product_tag-musikanalyse-bach-inventionen","14":"first","15":"instock","16":"downloadable","17":"virtual","18":"purchasable","19":"product-type-simple"},"yoast_head":"<!-- This site is optimized with the Yoast SEO plugin v27.3 - https:\/\/yoast.com\/product\/yoast-seo-wordpress\/ -->\n<title>Michael Schmolke | J.S. Bach: Invention 11, BWV 782 | 2-3 Guitars | Ebook + Audio | SPASS BEISAITE\u00ae<\/title>\n<meta name=\"description\" content=\"J.S. Bach: Invention 11, BWV 782, Bearbeitung f\u00fcr 2-3 Gitarren. Arr. Michael Schmolke. Ebook (pdf, 8 Seiten) und 5 Playback-Tracks (mp3). SPASS BEISAITE Musikverlag.\" \/>\n<meta name=\"robots\" content=\"index, follow, max-snippet:-1, max-image-preview:large, max-video-preview:-1\" \/>\n<link rel=\"canonical\" href=\"https:\/\/www.spassbeisaite.de\/wp03\/shop\/ebooks\/michael-schmolke-j-s-bach-invention-11-bwv-782-2-3-guitars-ebook-audio\/\" \/>\n<meta property=\"og:locale\" content=\"de_DE\" \/>\n<meta property=\"og:type\" content=\"article\" \/>\n<meta property=\"og:title\" content=\"Michael Schmolke | J.S. Bach: Invention 11, BWV 782 | 2-3 Guitars | Ebook + Audio | SPASS BEISAITE\u00ae\" \/>\n<meta property=\"og:description\" content=\"J.S. Bach: Invention 11, BWV 782, Bearbeitung f\u00fcr 2-3 Gitarren. Arr. Michael Schmolke. Ebook (pdf, 8 Seiten) und 5 Playback-Tracks (mp3). SPASS BEISAITE Musikverlag.\" \/>\n<meta property=\"og:url\" content=\"https:\/\/www.spassbeisaite.de\/wp03\/shop\/ebooks\/michael-schmolke-j-s-bach-invention-11-bwv-782-2-3-guitars-ebook-audio\/\" \/>\n<meta property=\"og:site_name\" content=\"SPASS BEISAITE\u00ae\" \/>\n<meta property=\"article:modified_time\" content=\"2024-11-14T10:01:26+00:00\" \/>\n<meta property=\"og:image\" content=\"https:\/\/www.spassbeisaite.de\/wp03\/wp-content\/uploads\/2022\/02\/inv11-ebook-cover-wp-quadrat-72dpi.jpg\" \/>\n\t<meta property=\"og:image:width\" content=\"1500\" \/>\n\t<meta property=\"og:image:height\" content=\"1500\" \/>\n\t<meta property=\"og:image:type\" content=\"image\/jpeg\" \/>\n<meta name=\"twitter:card\" content=\"summary_large_image\" \/>\n<meta name=\"twitter:label1\" content=\"Gesch\u00e4tzte Lesezeit\" \/>\n\t<meta name=\"twitter:data1\" content=\"2\u00a0Minuten\" \/>\n<script type=\"application\/ld+json\" class=\"yoast-schema-graph\">{\"@context\":\"https:\\\/\\\/schema.org\",\"@graph\":[{\"@type\":\"WebPage\",\"@id\":\"https:\\\/\\\/www.spassbeisaite.de\\\/wp03\\\/shop\\\/ebooks\\\/michael-schmolke-j-s-bach-invention-11-bwv-782-2-3-guitars-ebook-audio\\\/\",\"url\":\"https:\\\/\\\/www.spassbeisaite.de\\\/wp03\\\/shop\\\/ebooks\\\/michael-schmolke-j-s-bach-invention-11-bwv-782-2-3-guitars-ebook-audio\\\/\",\"name\":\"Michael Schmolke | J.S. Bach: Invention 11, BWV 782 | 2-3 Guitars | Ebook + Audio | SPASS BEISAITE\u00ae\",\"isPartOf\":{\"@id\":\"https:\\\/\\\/www.spassbeisaite.de\\\/wp03\\\/#website\"},\"primaryImageOfPage\":{\"@id\":\"https:\\\/\\\/www.spassbeisaite.de\\\/wp03\\\/shop\\\/ebooks\\\/michael-schmolke-j-s-bach-invention-11-bwv-782-2-3-guitars-ebook-audio\\\/#primaryimage\"},\"image\":{\"@id\":\"https:\\\/\\\/www.spassbeisaite.de\\\/wp03\\\/shop\\\/ebooks\\\/michael-schmolke-j-s-bach-invention-11-bwv-782-2-3-guitars-ebook-audio\\\/#primaryimage\"},\"thumbnailUrl\":\"https:\\\/\\\/www.spassbeisaite.de\\\/wp03\\\/wp-content\\\/uploads\\\/2022\\\/02\\\/inv11-ebook-cover-wp-quadrat-72dpi.jpg\",\"datePublished\":\"2022-02-15T11:32:04+00:00\",\"dateModified\":\"2024-11-14T10:01:26+00:00\",\"description\":\"J.S. Bach: Invention 11, BWV 782, Bearbeitung f\u00fcr 2-3 Gitarren. Arr. Michael Schmolke. Ebook (pdf, 8 Seiten) und 5 Playback-Tracks (mp3). SPASS BEISAITE Musikverlag.\",\"breadcrumb\":{\"@id\":\"https:\\\/\\\/www.spassbeisaite.de\\\/wp03\\\/shop\\\/ebooks\\\/michael-schmolke-j-s-bach-invention-11-bwv-782-2-3-guitars-ebook-audio\\\/#breadcrumb\"},\"inLanguage\":\"de\",\"potentialAction\":[{\"@type\":\"ReadAction\",\"target\":[\"https:\\\/\\\/www.spassbeisaite.de\\\/wp03\\\/shop\\\/ebooks\\\/michael-schmolke-j-s-bach-invention-11-bwv-782-2-3-guitars-ebook-audio\\\/\"]}]},{\"@type\":\"ImageObject\",\"inLanguage\":\"de\",\"@id\":\"https:\\\/\\\/www.spassbeisaite.de\\\/wp03\\\/shop\\\/ebooks\\\/michael-schmolke-j-s-bach-invention-11-bwv-782-2-3-guitars-ebook-audio\\\/#primaryimage\",\"url\":\"https:\\\/\\\/www.spassbeisaite.de\\\/wp03\\\/wp-content\\\/uploads\\\/2022\\\/02\\\/inv11-ebook-cover-wp-quadrat-72dpi.jpg\",\"contentUrl\":\"https:\\\/\\\/www.spassbeisaite.de\\\/wp03\\\/wp-content\\\/uploads\\\/2022\\\/02\\\/inv11-ebook-cover-wp-quadrat-72dpi.jpg\",\"width\":1500,\"height\":1500,\"caption\":\"Michael Schmolke | J.S. Bach: Invention 11, BWV 782 | 2-3 Guitars |\u00a0 Ebook + Audio | SPASS BEISAITE Musikverlag\u00a0\"},{\"@type\":\"BreadcrumbList\",\"@id\":\"https:\\\/\\\/www.spassbeisaite.de\\\/wp03\\\/shop\\\/ebooks\\\/michael-schmolke-j-s-bach-invention-11-bwv-782-2-3-guitars-ebook-audio\\\/#breadcrumb\",\"itemListElement\":[{\"@type\":\"ListItem\",\"position\":1,\"name\":\"Startseite\",\"item\":\"https:\\\/\\\/www.spassbeisaite.de\\\/wp03\\\/\"},{\"@type\":\"ListItem\",\"position\":2,\"name\":\"Shop\",\"item\":\"https:\\\/\\\/www.spassbeisaite.de\\\/wp03\\\/shop\\\/\"},{\"@type\":\"ListItem\",\"position\":3,\"name\":\"Michael Schmolke | J.S. Bach: Invention 11, BWV 782 | 2-3 Guitars | Ebook + Audio\"}]},{\"@type\":\"WebSite\",\"@id\":\"https:\\\/\\\/www.spassbeisaite.de\\\/wp03\\\/#website\",\"url\":\"https:\\\/\\\/www.spassbeisaite.de\\\/wp03\\\/\",\"name\":\"SPASS BEISAITE\u00ae\",\"description\":\"Musikverlag | Label | Unterricht\",\"publisher\":{\"@id\":\"https:\\\/\\\/www.spassbeisaite.de\\\/wp03\\\/#organization\"},\"potentialAction\":[{\"@type\":\"SearchAction\",\"target\":{\"@type\":\"EntryPoint\",\"urlTemplate\":\"https:\\\/\\\/www.spassbeisaite.de\\\/wp03\\\/?s={search_term_string}\"},\"query-input\":{\"@type\":\"PropertyValueSpecification\",\"valueRequired\":true,\"valueName\":\"search_term_string\"}}],\"inLanguage\":\"de\"},{\"@type\":\"Organization\",\"@id\":\"https:\\\/\\\/www.spassbeisaite.de\\\/wp03\\\/#organization\",\"name\":\"SPASS BEISAITE Musikverlag\",\"url\":\"https:\\\/\\\/www.spassbeisaite.de\\\/wp03\\\/\",\"logo\":{\"@type\":\"ImageObject\",\"inLanguage\":\"de\",\"@id\":\"https:\\\/\\\/www.spassbeisaite.de\\\/wp03\\\/#\\\/schema\\\/logo\\\/image\\\/\",\"url\":\"http:\\\/\\\/www.spassbeisaite.de\\\/wp03\\\/wp-content\\\/uploads\\\/2021\\\/07\\\/spass-schriftzug-14-wp-500x500-7.png\",\"contentUrl\":\"http:\\\/\\\/www.spassbeisaite.de\\\/wp03\\\/wp-content\\\/uploads\\\/2021\\\/07\\\/spass-schriftzug-14-wp-500x500-7.png\",\"width\":500,\"height\":500,\"caption\":\"SPASS BEISAITE Musikverlag\"},\"image\":{\"@id\":\"https:\\\/\\\/www.spassbeisaite.de\\\/wp03\\\/#\\\/schema\\\/logo\\\/image\\\/\"},\"sameAs\":[\"https:\\\/\\\/www.youtube.com\\\/channel\\\/UC0tdinT0D3WmEvlAVIQfsuQ\"]}]}<\/script>\n<!-- \/ Yoast SEO plugin. -->","yoast_head_json":{"title":"Michael Schmolke | J.S. Bach: Invention 11, BWV 782 | 2-3 Guitars | Ebook + Audio | SPASS BEISAITE\u00ae","description":"J.S. Bach: Invention 11, BWV 782, Bearbeitung f\u00fcr 2-3 Gitarren. Arr. Michael Schmolke. Ebook (pdf, 8 Seiten) und 5 Playback-Tracks (mp3). SPASS BEISAITE Musikverlag.","robots":{"index":"index","follow":"follow","max-snippet":"max-snippet:-1","max-image-preview":"max-image-preview:large","max-video-preview":"max-video-preview:-1"},"canonical":"https:\/\/www.spassbeisaite.de\/wp03\/shop\/ebooks\/michael-schmolke-j-s-bach-invention-11-bwv-782-2-3-guitars-ebook-audio\/","og_locale":"de_DE","og_type":"article","og_title":"Michael Schmolke | J.S. Bach: Invention 11, BWV 782 | 2-3 Guitars | Ebook + Audio | SPASS BEISAITE\u00ae","og_description":"J.S. Bach: Invention 11, BWV 782, Bearbeitung f\u00fcr 2-3 Gitarren. Arr. Michael Schmolke. Ebook (pdf, 8 Seiten) und 5 Playback-Tracks (mp3). SPASS BEISAITE Musikverlag.","og_url":"https:\/\/www.spassbeisaite.de\/wp03\/shop\/ebooks\/michael-schmolke-j-s-bach-invention-11-bwv-782-2-3-guitars-ebook-audio\/","og_site_name":"SPASS BEISAITE\u00ae","article_modified_time":"2024-11-14T10:01:26+00:00","og_image":[{"width":1500,"height":1500,"url":"https:\/\/www.spassbeisaite.de\/wp03\/wp-content\/uploads\/2022\/02\/inv11-ebook-cover-wp-quadrat-72dpi.jpg","type":"image\/jpeg"}],"twitter_card":"summary_large_image","twitter_misc":{"Gesch\u00e4tzte Lesezeit":"2\u00a0Minuten"},"schema":{"@context":"https:\/\/schema.org","@graph":[{"@type":"WebPage","@id":"https:\/\/www.spassbeisaite.de\/wp03\/shop\/ebooks\/michael-schmolke-j-s-bach-invention-11-bwv-782-2-3-guitars-ebook-audio\/","url":"https:\/\/www.spassbeisaite.de\/wp03\/shop\/ebooks\/michael-schmolke-j-s-bach-invention-11-bwv-782-2-3-guitars-ebook-audio\/","name":"Michael Schmolke | J.S. Bach: Invention 11, BWV 782 | 2-3 Guitars | Ebook + Audio | SPASS BEISAITE\u00ae","isPartOf":{"@id":"https:\/\/www.spassbeisaite.de\/wp03\/#website"},"primaryImageOfPage":{"@id":"https:\/\/www.spassbeisaite.de\/wp03\/shop\/ebooks\/michael-schmolke-j-s-bach-invention-11-bwv-782-2-3-guitars-ebook-audio\/#primaryimage"},"image":{"@id":"https:\/\/www.spassbeisaite.de\/wp03\/shop\/ebooks\/michael-schmolke-j-s-bach-invention-11-bwv-782-2-3-guitars-ebook-audio\/#primaryimage"},"thumbnailUrl":"https:\/\/www.spassbeisaite.de\/wp03\/wp-content\/uploads\/2022\/02\/inv11-ebook-cover-wp-quadrat-72dpi.jpg","datePublished":"2022-02-15T11:32:04+00:00","dateModified":"2024-11-14T10:01:26+00:00","description":"J.S. Bach: Invention 11, BWV 782, Bearbeitung f\u00fcr 2-3 Gitarren. Arr. Michael Schmolke. Ebook (pdf, 8 Seiten) und 5 Playback-Tracks (mp3). SPASS BEISAITE Musikverlag.","breadcrumb":{"@id":"https:\/\/www.spassbeisaite.de\/wp03\/shop\/ebooks\/michael-schmolke-j-s-bach-invention-11-bwv-782-2-3-guitars-ebook-audio\/#breadcrumb"},"inLanguage":"de","potentialAction":[{"@type":"ReadAction","target":["https:\/\/www.spassbeisaite.de\/wp03\/shop\/ebooks\/michael-schmolke-j-s-bach-invention-11-bwv-782-2-3-guitars-ebook-audio\/"]}]},{"@type":"ImageObject","inLanguage":"de","@id":"https:\/\/www.spassbeisaite.de\/wp03\/shop\/ebooks\/michael-schmolke-j-s-bach-invention-11-bwv-782-2-3-guitars-ebook-audio\/#primaryimage","url":"https:\/\/www.spassbeisaite.de\/wp03\/wp-content\/uploads\/2022\/02\/inv11-ebook-cover-wp-quadrat-72dpi.jpg","contentUrl":"https:\/\/www.spassbeisaite.de\/wp03\/wp-content\/uploads\/2022\/02\/inv11-ebook-cover-wp-quadrat-72dpi.jpg","width":1500,"height":1500,"caption":"Michael Schmolke | J.S. Bach: Invention 11, BWV 782 | 2-3 Guitars |\u00a0 Ebook + Audio | SPASS BEISAITE Musikverlag\u00a0"},{"@type":"BreadcrumbList","@id":"https:\/\/www.spassbeisaite.de\/wp03\/shop\/ebooks\/michael-schmolke-j-s-bach-invention-11-bwv-782-2-3-guitars-ebook-audio\/#breadcrumb","itemListElement":[{"@type":"ListItem","position":1,"name":"Startseite","item":"https:\/\/www.spassbeisaite.de\/wp03\/"},{"@type":"ListItem","position":2,"name":"Shop","item":"https:\/\/www.spassbeisaite.de\/wp03\/shop\/"},{"@type":"ListItem","position":3,"name":"Michael Schmolke | J.S. Bach: Invention 11, BWV 782 | 2-3 Guitars | Ebook + Audio"}]},{"@type":"WebSite","@id":"https:\/\/www.spassbeisaite.de\/wp03\/#website","url":"https:\/\/www.spassbeisaite.de\/wp03\/","name":"SPASS BEISAITE\u00ae","description":"Musikverlag | Label | Unterricht","publisher":{"@id":"https:\/\/www.spassbeisaite.de\/wp03\/#organization"},"potentialAction":[{"@type":"SearchAction","target":{"@type":"EntryPoint","urlTemplate":"https:\/\/www.spassbeisaite.de\/wp03\/?s={search_term_string}"},"query-input":{"@type":"PropertyValueSpecification","valueRequired":true,"valueName":"search_term_string"}}],"inLanguage":"de"},{"@type":"Organization","@id":"https:\/\/www.spassbeisaite.de\/wp03\/#organization","name":"SPASS BEISAITE Musikverlag","url":"https:\/\/www.spassbeisaite.de\/wp03\/","logo":{"@type":"ImageObject","inLanguage":"de","@id":"https:\/\/www.spassbeisaite.de\/wp03\/#\/schema\/logo\/image\/","url":"http:\/\/www.spassbeisaite.de\/wp03\/wp-content\/uploads\/2021\/07\/spass-schriftzug-14-wp-500x500-7.png","contentUrl":"http:\/\/www.spassbeisaite.de\/wp03\/wp-content\/uploads\/2021\/07\/spass-schriftzug-14-wp-500x500-7.png","width":500,"height":500,"caption":"SPASS BEISAITE Musikverlag"},"image":{"@id":"https:\/\/www.spassbeisaite.de\/wp03\/#\/schema\/logo\/image\/"},"sameAs":["https:\/\/www.youtube.com\/channel\/UC0tdinT0D3WmEvlAVIQfsuQ"]}]}},"_links":{"self":[{"href":"https:\/\/www.spassbeisaite.de\/wp03\/wp-json\/wp\/v2\/product\/1888","targetHints":{"allow":["GET"]}}],"collection":[{"href":"https:\/\/www.spassbeisaite.de\/wp03\/wp-json\/wp\/v2\/product"}],"about":[{"href":"https:\/\/www.spassbeisaite.de\/wp03\/wp-json\/wp\/v2\/types\/product"}],"wp:featuredmedia":[{"embeddable":true,"href":"https:\/\/www.spassbeisaite.de\/wp03\/wp-json\/wp\/v2\/media\/1730"}],"wp:attachment":[{"href":"https:\/\/www.spassbeisaite.de\/wp03\/wp-json\/wp\/v2\/media?parent=1888"}],"wp:term":[{"taxonomy":"product_brand","embeddable":true,"href":"https:\/\/www.spassbeisaite.de\/wp03\/wp-json\/wp\/v2\/product_brand?post=1888"},{"taxonomy":"product_cat","embeddable":true,"href":"https:\/\/www.spassbeisaite.de\/wp03\/wp-json\/wp\/v2\/product_cat?post=1888"},{"taxonomy":"product_tag","embeddable":true,"href":"https:\/\/www.spassbeisaite.de\/wp03\/wp-json\/wp\/v2\/product_tag?post=1888"}],"curies":[{"name":"wp","href":"https:\/\/api.w.org\/{rel}","templated":true}]}}