{"id":480,"date":"2021-07-13T19:55:05","date_gmt":"2021-07-13T17:55:05","guid":{"rendered":"http:\/\/www.spassbeisaite.de\/wp03\/widerrufsbelehrung\/"},"modified":"2021-09-22T21:05:27","modified_gmt":"2021-09-22T19:05:27","slug":"widerrufsbelehrung","status":"publish","type":"page","link":"https:\/\/www.spassbeisaite.de\/wp03\/widerrufsbelehrung\/","title":{"rendered":"Widerrufsbelehrung"},"content":{"rendered":"\n<style type=\"text\/css\" data-created_by=\"avia_inline_auto\" id=\"style-css-av-ksc2v9no-4556c9cb71a25f137bd750d613010f54\">\n#top .av-special-heading.av-ksc2v9no-4556c9cb71a25f137bd750d613010f54{\npadding-bottom:10px;\n}\nbody .av-special-heading.av-ksc2v9no-4556c9cb71a25f137bd750d613010f54 .av-special-heading-tag .heading-char{\nfont-size:25px;\n}\n.av-special-heading.av-ksc2v9no-4556c9cb71a25f137bd750d613010f54 .av-subheading{\nfont-size:15px;\n}\n<\/style>\n<div  class='av-special-heading av-ksc2v9no-4556c9cb71a25f137bd750d613010f54 av-special-heading-h3  avia-builder-el-0  el_before_av_textblock  avia-builder-el-first '><h3 class='av-special-heading-tag'  itemprop=\"headline\"  >Widerrufsbelehrung<\/h3><div class=\"special-heading-border\"><div class=\"special-heading-inner-border\"><\/div><\/div><\/div>\n<section  class='av_textblock_section av-zafk-9e46901ed3eec19318fd02d74f4f89a4 '   itemscope=\"itemscope\" itemtype=\"https:\/\/schema.org\/CreativeWork\" ><div class='avia_textblock'  itemprop=\"text\" ><h4>Widerrufsrecht<\/h4>\n<p>Du hast das Recht, binnen vierzehn Tagen ohne Angabe von Gr\u00fcnden diesen Vertrag zu widerrufen.<\/p>\n<p>Die Widerrufsfrist betr\u00e4gt vierzehn Tage ab dem Tag der Lieferung.<\/p>\n<p>Um das Widerrufsrecht auszu\u00fcben, musst du dem SPASS BEISAITE Musikverlag mittels einer eindeutigen Erkl\u00e4rung (z. B. ein mit der Post versandter Brief, Telefax oder E-Mail) \u00fcber deinen Entschluss, diesen Vertrag zu widerrufen, informieren. Zur Wahrung der Widerrufsfrist reicht es aus, dass du die Mitteilung \u00fcber die Aus\u00fcbung des Widerrufsrechts vor Ablauf der Widerrufsfrist absendest. Die Kontaktadresse findest du im Impressum.<\/p>\n<h4>Folgen des Widerrufs<\/h4>\n<p><strong>Pflichen des Verlags:<\/strong><\/p>\n<p>Wenn du diesen Vertrag widerrufst, hat der SPASS BEISAITE Musikverlag dir alle Zahlungen, die aus dem Kaufvertrag von dir eingegangen sind, einschlie\u00dflich der Lieferkosten (mit Ausnahme der zus\u00e4tzlichen Kosten, die sich daraus ergeben, dass du eine andere Art der Lieferung als die angebotene, g\u00fcnstigste Standardlieferung gew\u00e4hlt hast), unverz\u00fcglich und sp\u00e4testens binnen vierzehn Tagen ab dem Tag zur\u00fcckzuzahlen, an dem die Mitteilung \u00fcber deinen Widerruf dieses Vertrags beim Verlag eingegangen ist. F\u00fcr diese R\u00fcckzahlung verwenden wir dasselbe Zahlungsmittel, das du bei der urspr\u00fcnglichen Transaktion eingesetzt hast, es sei denn, mit dir wurde ausdr\u00fccklich etwas anderes vereinbart; in keinem Fall werden dir wegen dieser R\u00fcckzahlung Entelte berechnet.<\/p>\n<p><strong>Deine Pflichten:<\/strong><\/p>\n<p>Du hast die Waren unverz\u00fcglich und in jedem Fall sp\u00e4testens binnen vierzehn Tagen ab dem Tag, an dem du uns \u00fcber den Widerruf dieses Vertrags unterrichtest, an den SPASS BEISAITE Musikverlag, Inh. Michael Schmolke, Hummelsteiner Weg 63, 90459 N\u00fcrnberg zur\u00fcckzusenden oder zu \u00fcbergeben. Die Frist ist gewahrt, wenn du die Waren vor Ablauf der Frist von vierzehn Tagen absendest.<br \/>\nDu tr\u00e4gst die unmittelbaren Kosten der R\u00fccksendung. Die Kosten werden &#8211; je nach Gewicht &#8211; auf maximal 7 Eur gesch\u00e4tzt.<br \/>\nDu musst f\u00fcr einen etwaigen Wertverlust der Waren nur aufkommen, wenn dieser Wertverlust auf einen zur Pr\u00fcfung der Beschaffenheit, Eigenschaften und Funktionsweise der Waren nicht notwendigen Umgang mi ihnen zur\u00fcckzuf\u00fchren ist.<\/p>\n<h4>Ausnahmeregelung beim Kauf digitaler G\u00fcter<\/h4>\n<p>Auf spassbeisaite.de werden E-Books (pdf) und Musikalben (mp3) zum kostenpflichtigen Download angeboten. <strong>Bei digitalen Produkten gibt es leider kein R\u00fcckgaberecht. <\/strong>An der Kasse musst du in diesem Fall vor dem Kauf per Checkbox-Klick erkl\u00e4ren, dass du auf dein Widerrufsrecht verzichtest.<\/p>\n<\/div><\/section>\n","protected":false},"excerpt":{"rendered":"","protected":false},"author":2,"featured_media":0,"parent":0,"menu_order":0,"comment_status":"closed","ping_status":"closed","template":"","meta":{"footnotes":""},"class_list":["post-480","page","type-page","status-publish","hentry"],"yoast_head":"<!-- This site is optimized with the Yoast SEO plugin v27.5 - https:\/\/yoast.com\/product\/yoast-seo-wordpress\/ -->\n<title>Widerrufsbelehrung | SPASS BEISAITE\u00ae<\/title>\n<meta name=\"robots\" content=\"index, follow, max-snippet:-1, max-image-preview:large, max-video-preview:-1\" \/>\n<link rel=\"canonical\" href=\"https:\/\/www.spassbeisaite.de\/wp03\/widerrufsbelehrung\/\" \/>\n<meta property=\"og:locale\" content=\"de_DE\" \/>\n<meta property=\"og:type\" content=\"article\" \/>\n<meta property=\"og:title\" content=\"Widerrufsbelehrung | SPASS BEISAITE\u00ae\" \/>\n<meta property=\"og:url\" content=\"https:\/\/www.spassbeisaite.de\/wp03\/widerrufsbelehrung\/\" \/>\n<meta property=\"og:site_name\" content=\"SPASS BEISAITE\u00ae\" \/>\n<meta property=\"article:modified_time\" content=\"2021-09-22T19:05:27+00:00\" \/>\n<meta name=\"twitter:card\" content=\"summary_large_image\" \/>\n<meta name=\"twitter:label1\" content=\"Gesch\u00e4tzte Lesezeit\" \/>\n\t<meta name=\"twitter:data1\" content=\"3\u00a0Minuten\" \/>\n<script type=\"application\/ld+json\" class=\"yoast-schema-graph\">{\"@context\":\"https:\\\/\\\/schema.org\",\"@graph\":[{\"@type\":\"WebPage\",\"@id\":\"https:\\\/\\\/www.spassbeisaite.de\\\/wp03\\\/widerrufsbelehrung\\\/\",\"url\":\"https:\\\/\\\/www.spassbeisaite.de\\\/wp03\\\/widerrufsbelehrung\\\/\",\"name\":\"Widerrufsbelehrung | SPASS BEISAITE\u00ae\",\"isPartOf\":{\"@id\":\"https:\\\/\\\/www.spassbeisaite.de\\\/wp03\\\/#website\"},\"datePublished\":\"2021-07-13T17:55:05+00:00\",\"dateModified\":\"2021-09-22T19:05:27+00:00\",\"breadcrumb\":{\"@id\":\"https:\\\/\\\/www.spassbeisaite.de\\\/wp03\\\/widerrufsbelehrung\\\/#breadcrumb\"},\"inLanguage\":\"de\",\"potentialAction\":[{\"@type\":\"ReadAction\",\"target\":[\"https:\\\/\\\/www.spassbeisaite.de\\\/wp03\\\/widerrufsbelehrung\\\/\"]}]},{\"@type\":\"BreadcrumbList\",\"@id\":\"https:\\\/\\\/www.spassbeisaite.de\\\/wp03\\\/widerrufsbelehrung\\\/#breadcrumb\",\"itemListElement\":[{\"@type\":\"ListItem\",\"position\":1,\"name\":\"Startseite\",\"item\":\"https:\\\/\\\/www.spassbeisaite.de\\\/wp03\\\/\"},{\"@type\":\"ListItem\",\"position\":2,\"name\":\"Widerrufsbelehrung\"}]},{\"@type\":\"WebSite\",\"@id\":\"https:\\\/\\\/www.spassbeisaite.de\\\/wp03\\\/#website\",\"url\":\"https:\\\/\\\/www.spassbeisaite.de\\\/wp03\\\/\",\"name\":\"SPASS BEISAITE\u00ae\",\"description\":\"Musikverlag | Label | Unterricht\",\"publisher\":{\"@id\":\"https:\\\/\\\/www.spassbeisaite.de\\\/wp03\\\/#organization\"},\"potentialAction\":[{\"@type\":\"SearchAction\",\"target\":{\"@type\":\"EntryPoint\",\"urlTemplate\":\"https:\\\/\\\/www.spassbeisaite.de\\\/wp03\\\/?s={search_term_string}\"},\"query-input\":{\"@type\":\"PropertyValueSpecification\",\"valueRequired\":true,\"valueName\":\"search_term_string\"}}],\"inLanguage\":\"de\"},{\"@type\":\"Organization\",\"@id\":\"https:\\\/\\\/www.spassbeisaite.de\\\/wp03\\\/#organization\",\"name\":\"SPASS BEISAITE Musikverlag\",\"url\":\"https:\\\/\\\/www.spassbeisaite.de\\\/wp03\\\/\",\"logo\":{\"@type\":\"ImageObject\",\"inLanguage\":\"de\",\"@id\":\"https:\\\/\\\/www.spassbeisaite.de\\\/wp03\\\/#\\\/schema\\\/logo\\\/image\\\/\",\"url\":\"http:\\\/\\\/www.spassbeisaite.de\\\/wp03\\\/wp-content\\\/uploads\\\/2021\\\/07\\\/spass-schriftzug-14-wp-500x500-7.png\",\"contentUrl\":\"http:\\\/\\\/www.spassbeisaite.de\\\/wp03\\\/wp-content\\\/uploads\\\/2021\\\/07\\\/spass-schriftzug-14-wp-500x500-7.png\",\"width\":500,\"height\":500,\"caption\":\"SPASS BEISAITE Musikverlag\"},\"image\":{\"@id\":\"https:\\\/\\\/www.spassbeisaite.de\\\/wp03\\\/#\\\/schema\\\/logo\\\/image\\\/\"},\"sameAs\":[\"https:\\\/\\\/www.youtube.com\\\/channel\\\/UC0tdinT0D3WmEvlAVIQfsuQ\"]}]}<\/script>\n<!-- \/ Yoast SEO plugin. -->","yoast_head_json":{"title":"Widerrufsbelehrung | SPASS BEISAITE\u00ae","robots":{"index":"index","follow":"follow","max-snippet":"max-snippet:-1","max-image-preview":"max-image-preview:large","max-video-preview":"max-video-preview:-1"},"canonical":"https:\/\/www.spassbeisaite.de\/wp03\/widerrufsbelehrung\/","og_locale":"de_DE","og_type":"article","og_title":"Widerrufsbelehrung | SPASS BEISAITE\u00ae","og_url":"https:\/\/www.spassbeisaite.de\/wp03\/widerrufsbelehrung\/","og_site_name":"SPASS BEISAITE\u00ae","article_modified_time":"2021-09-22T19:05:27+00:00","twitter_card":"summary_large_image","twitter_misc":{"Gesch\u00e4tzte Lesezeit":"3\u00a0Minuten"},"schema":{"@context":"https:\/\/schema.org","@graph":[{"@type":"WebPage","@id":"https:\/\/www.spassbeisaite.de\/wp03\/widerrufsbelehrung\/","url":"https:\/\/www.spassbeisaite.de\/wp03\/widerrufsbelehrung\/","name":"Widerrufsbelehrung | SPASS BEISAITE\u00ae","isPartOf":{"@id":"https:\/\/www.spassbeisaite.de\/wp03\/#website"},"datePublished":"2021-07-13T17:55:05+00:00","dateModified":"2021-09-22T19:05:27+00:00","breadcrumb":{"@id":"https:\/\/www.spassbeisaite.de\/wp03\/widerrufsbelehrung\/#breadcrumb"},"inLanguage":"de","potentialAction":[{"@type":"ReadAction","target":["https:\/\/www.spassbeisaite.de\/wp03\/widerrufsbelehrung\/"]}]},{"@type":"BreadcrumbList","@id":"https:\/\/www.spassbeisaite.de\/wp03\/widerrufsbelehrung\/#breadcrumb","itemListElement":[{"@type":"ListItem","position":1,"name":"Startseite","item":"https:\/\/www.spassbeisaite.de\/wp03\/"},{"@type":"ListItem","position":2,"name":"Widerrufsbelehrung"}]},{"@type":"WebSite","@id":"https:\/\/www.spassbeisaite.de\/wp03\/#website","url":"https:\/\/www.spassbeisaite.de\/wp03\/","name":"SPASS BEISAITE\u00ae","description":"Musikverlag | Label | Unterricht","publisher":{"@id":"https:\/\/www.spassbeisaite.de\/wp03\/#organization"},"potentialAction":[{"@type":"SearchAction","target":{"@type":"EntryPoint","urlTemplate":"https:\/\/www.spassbeisaite.de\/wp03\/?s={search_term_string}"},"query-input":{"@type":"PropertyValueSpecification","valueRequired":true,"valueName":"search_term_string"}}],"inLanguage":"de"},{"@type":"Organization","@id":"https:\/\/www.spassbeisaite.de\/wp03\/#organization","name":"SPASS BEISAITE Musikverlag","url":"https:\/\/www.spassbeisaite.de\/wp03\/","logo":{"@type":"ImageObject","inLanguage":"de","@id":"https:\/\/www.spassbeisaite.de\/wp03\/#\/schema\/logo\/image\/","url":"http:\/\/www.spassbeisaite.de\/wp03\/wp-content\/uploads\/2021\/07\/spass-schriftzug-14-wp-500x500-7.png","contentUrl":"http:\/\/www.spassbeisaite.de\/wp03\/wp-content\/uploads\/2021\/07\/spass-schriftzug-14-wp-500x500-7.png","width":500,"height":500,"caption":"SPASS BEISAITE Musikverlag"},"image":{"@id":"https:\/\/www.spassbeisaite.de\/wp03\/#\/schema\/logo\/image\/"},"sameAs":["https:\/\/www.youtube.com\/channel\/UC0tdinT0D3WmEvlAVIQfsuQ"]}]}},"_links":{"self":[{"href":"https:\/\/www.spassbeisaite.de\/wp03\/wp-json\/wp\/v2\/pages\/480","targetHints":{"allow":["GET"]}}],"collection":[{"href":"https:\/\/www.spassbeisaite.de\/wp03\/wp-json\/wp\/v2\/pages"}],"about":[{"href":"https:\/\/www.spassbeisaite.de\/wp03\/wp-json\/wp\/v2\/types\/page"}],"author":[{"embeddable":true,"href":"https:\/\/www.spassbeisaite.de\/wp03\/wp-json\/wp\/v2\/users\/2"}],"replies":[{"embeddable":true,"href":"https:\/\/www.spassbeisaite.de\/wp03\/wp-json\/wp\/v2\/comments?post=480"}],"version-history":[{"count":12,"href":"https:\/\/www.spassbeisaite.de\/wp03\/wp-json\/wp\/v2\/pages\/480\/revisions"}],"predecessor-version":[{"id":2195,"href":"https:\/\/www.spassbeisaite.de\/wp03\/wp-json\/wp\/v2\/pages\/480\/revisions\/2195"}],"wp:attachment":[{"href":"https:\/\/www.spassbeisaite.de\/wp03\/wp-json\/wp\/v2\/media?parent=480"}],"curies":[{"name":"wp","href":"https:\/\/api.w.org\/{rel}","templated":true}]}}