{"id":478,"date":"2021-07-13T19:55:05","date_gmt":"2021-07-13T17:55:05","guid":{"rendered":"http:\/\/www.spassbeisaite.de\/wp03\/agb\/"},"modified":"2025-11-05T19:27:33","modified_gmt":"2025-11-05T18:27:33","slug":"agb-shop","status":"publish","type":"page","link":"https:\/\/www.spassbeisaite.de\/wp03\/agb-shop\/","title":{"rendered":"AGB (Shop)"},"content":{"rendered":"\n<style type=\"text\/css\" data-created_by=\"avia_inline_auto\" id=\"style-css-av-7wna6-d75ede02b01de10cca7bd06e5697e777\">\n.flex_column.av-7wna6-d75ede02b01de10cca7bd06e5697e777{\nborder-radius:0px 0px 0px 0px;\npadding:0px 0px 0px 0px;\n}\n<\/style>\n<div  class='flex_column av-7wna6-d75ede02b01de10cca7bd06e5697e777 av_one_full  avia-builder-el-0  el_before_av_textblock  avia-builder-el-first  first flex_column_div av-zero-column-padding  '     ><style type=\"text\/css\" data-created_by=\"avia_inline_auto\" id=\"style-css-av-ks8r4dqx-39e58f634fb125c621117ab22f5d20ad\">\n#top .av-special-heading.av-ks8r4dqx-39e58f634fb125c621117ab22f5d20ad{\npadding-bottom:10px;\n}\nbody .av-special-heading.av-ks8r4dqx-39e58f634fb125c621117ab22f5d20ad .av-special-heading-tag .heading-char{\nfont-size:25px;\n}\n.av-special-heading.av-ks8r4dqx-39e58f634fb125c621117ab22f5d20ad .av-subheading{\nfont-size:15px;\n}\n<\/style>\n<div  class='av-special-heading av-ks8r4dqx-39e58f634fb125c621117ab22f5d20ad av-special-heading-h3  avia-builder-el-1  avia-builder-el-no-sibling '><h3 class='av-special-heading-tag'  itemprop=\"headline\"  >AGB (Shop)<\/h3><div class=\"special-heading-border\"><div class=\"special-heading-inner-border\"><\/div><\/div><\/div><\/div>\n<section  class='av_textblock_section av-ks8re427-9c8fbdd7ba9c59ee7a2bc3621f3c6e19 '   itemscope=\"itemscope\" itemtype=\"https:\/\/schema.org\/CreativeWork\" ><div class='avia_textblock'  itemprop=\"text\" ><h4>Cookies<\/h4>\n<p>Diese Website und ihr Shop ben\u00f6tigt zur einwandfreien Funktion Cookies. Es handelt sich ausschlie\u00dflich um tempor\u00e4re Cookies (z.B. f\u00fcr den Warenkorb). Eine Speicherung zu Werbezwecken (Google Analytics) findet nicht statt.<\/p>\n<h4>Einkauf ohne Kundenkonto ist kein Problem<\/h4>\n<p>K\u00e4ufe sind auch ohne Registrierung m\u00f6glich.<\/p>\n<h4>Widerruf des Kaufvertrags<\/h4>\n<p>Bitte nimm die <a href=\"https:\/\/www.spassbeisaite.de\/wp03\/widerrufsbelehrung\/\">Widerrufsbelehrung<\/a> zur Kenntnis. Beachte auch die Ausnahmen beim Kauf digitaler G\u00fcter.<\/p>\n<h4>Zahlungsarten<\/h4>\n<ul>\n<li><strong>Bank\u00fcberweisung<\/strong> (Vorkasse) &#8211; Versand der Ware nach Zahlungseingang (meine pers\u00f6nliche Lieblingsoption, trotz etwas l\u00e4ngerer Abwicklungsdauer). Aber selbstverst\u00e4ndlich sind auch die sonst im Internet \u00fcblichen Zahlungsarten m\u00f6glich:<\/li>\n<li><strong>Kreditkarte<\/strong>: Visa, Mastercard, Apple Pay, Google Pay.<\/li>\n<li><strong>Paypal<\/strong><\/li>\n<li>Stammkunden d\u00fcrfen weiterhin auf offene Rechnung bestellen und erhalten nach wie vor einen Partiebonus bei Sammelbestellungen. Bitte benutzen Sie hierzu das Kontaktformular.<\/li>\n<li>H\u00e4ndler erhalten gegen entspr. Nachweis die Ware zum H\u00e4ndlereinkaufspreis. Bitte setzen Sie sich dazu mit mir in Verbindung!<\/li>\n<li>Versandkonditionen gelten <strong>nur innerhalb Deutschlands<\/strong>. Bei Lieferungen gr\u00f6\u00dferer Mengen ins Ausland bitte separat nachfragen. Internationale Bestellungen k\u00f6nnen au\u00dferdem auch gut \u00fcber Kurt Maas (s.u.) abgewickelt werden.<\/li>\n<\/ul>\n<p>Der Versand erfolgt durch Deutsche Post oder dhl.<br \/>\nDie Ware bleibt bis zur vollst\u00e4ndigen Bezahlung Eigentum des Verlags.<\/p>\n<h4>Versandkosten<\/h4>\n<table style=\"width: 80%;\" border=\"1\">\n<tbody>\n<tr>\n<td>001 g &#8211; 500 g<\/td>\n<td>Deutsche Post Gro\u00dfbrief<\/td>\n<td>2,30 \u20ac<\/td>\n<\/tr>\n<tr>\n<td>501 g &#8211; 1000 g<\/td>\n<td>Deutsche Post Maxibrief<\/td>\n<td>3,80 \u20ac<\/td>\n<\/tr>\n<tr>\n<td>1 kg &#8211; 2 kg<\/td>\n<td>DHL P\u00e4ckchen<\/td>\n<td>5,- \u20ac<\/td>\n<\/tr>\n<tr>\n<td>2 kg &#8211; 5 kg<\/td>\n<td>DHL Paket<\/td>\n<td>7,90 \u20ac<\/td>\n<\/tr>\n<tr>\n<td>5 kg &#8211; 10 kg<\/td>\n<td>DHL Paket<\/td>\n<td>9,90 \u20ac<\/td>\n<\/tr>\n<tr>\n<td>Sparbundle<\/td>\n<td>variabel<\/td>\n<td>0,00 \u20ac<\/td>\n<\/tr>\n<tr>\n<td>Aktion Gratisversand<\/td>\n<td>variabel<\/td>\n<td>0,00 \u20ac<\/td>\n<\/tr>\n<tr>\n<td>Rechnung \u00fcber 120 \u20ac<\/td>\n<td>variabel<\/td>\n<td>0,00 \u20ac<\/td>\n<\/tr>\n<\/tbody>\n<\/table>\n<h4>Zahlungsabwicklung beim Kauf digitaler G\u00fcter<\/h4>\n<ul>\n<li>Bei Zahlung \u00fcber <strong>paypal<\/strong> oder <strong>Kreditkarte<\/strong> (Mastercard, Visacard, Apple Pay, Google Pay) wird gleich beim Kaufabschluss automatisch ein Downloadlink an die im Warenkorb angegebene Kunden-Email-Adresse verschickt.<\/li>\n<li>Bei <strong>Vorkasse<\/strong> (Bank\u00fcberweisung) ist nach dem Kaufabschluss zun\u00e4chst der Rechnungsbetrag auf das beim Checkout angegebene Bankkonto zu \u00fcberweisen. Sobald die Zahlung auf dem Konto eingegangen ist, wird der Downloadlink f\u00fcr das gekaufte digitale Produkt per Mail an die im Warenkorb angegebene Kunden-Email-Adresse verschickt.<\/li>\n<\/ul>\n<h4>Steuer<\/h4>\n<p>Gem\u00e4\u00df \u00a7 19 UStG (Kleinbetrieb) werden keine Steuerbetr\u00e4ge ausgewiesen.<\/p>\n<h4>Alternative Bezugsquellen<\/h4>\n<ul>\n<li>Musikalieneinzelhandel<br \/>\nBesuche ein Musikgesch\u00e4ft in Deiner N\u00e4he und kaufe die Titel einfach dort. Falls die B\u00fccher nicht vorr\u00e4tig sind, k\u00f6nnen sie auf jeden Fall vom H\u00e4ndler bestellt werden.<\/li>\n<li>Notenversand Kurt Maas (alle-noten.de)<br \/>\n&#8211;<a href=\"https:\/\/www.alle-noten.de\/index.php?cl=search&amp;searchparam=spass+beisaite\" target=\"_blank\" rel=\"noopener noreferrer\">&gt; Meine B\u00fccher bei alle-noten.de<br \/>\n<\/a>F\u00fcr alle Kunden aus dem Ausland: Kurt Maas liefert weltweit zu Top-Konditionen.<\/li>\n<\/ul>\n<\/div><\/section>\n","protected":false},"excerpt":{"rendered":"","protected":false},"author":2,"featured_media":0,"parent":0,"menu_order":0,"comment_status":"closed","ping_status":"closed","template":"","meta":{"footnotes":""},"class_list":["post-478","page","type-page","status-publish","hentry"],"yoast_head":"<!-- This site is optimized with the Yoast SEO plugin v27.4 - https:\/\/yoast.com\/product\/yoast-seo-wordpress\/ -->\n<title>AGB (Shop) | SPASS BEISAITE\u00ae<\/title>\n<meta name=\"description\" content=\"SPASS BEISAITE Musikverlag | AGB f\u00fcr den Onlineshop | Zahlungsarten | Versandkosten\" \/>\n<meta name=\"robots\" content=\"index, follow, max-snippet:-1, max-image-preview:large, max-video-preview:-1\" \/>\n<link rel=\"canonical\" href=\"https:\/\/www.spassbeisaite.de\/wp03\/agb-shop\/\" \/>\n<meta property=\"og:locale\" content=\"de_DE\" \/>\n<meta property=\"og:type\" content=\"article\" \/>\n<meta property=\"og:title\" content=\"AGB (Shop) | SPASS BEISAITE\u00ae\" \/>\n<meta property=\"og:description\" content=\"SPASS BEISAITE Musikverlag | AGB f\u00fcr den Onlineshop | Zahlungsarten | Versandkosten\" \/>\n<meta property=\"og:url\" content=\"https:\/\/www.spassbeisaite.de\/wp03\/agb-shop\/\" \/>\n<meta property=\"og:site_name\" content=\"SPASS BEISAITE\u00ae\" \/>\n<meta property=\"article:modified_time\" content=\"2025-11-05T18:27:33+00:00\" \/>\n<meta name=\"twitter:card\" content=\"summary_large_image\" \/>\n<meta name=\"twitter:label1\" content=\"Gesch\u00e4tzte Lesezeit\" \/>\n\t<meta name=\"twitter:data1\" content=\"4\u00a0Minuten\" \/>\n<script type=\"application\/ld+json\" class=\"yoast-schema-graph\">{\"@context\":\"https:\\\/\\\/schema.org\",\"@graph\":[{\"@type\":\"WebPage\",\"@id\":\"https:\\\/\\\/www.spassbeisaite.de\\\/wp03\\\/agb-shop\\\/\",\"url\":\"https:\\\/\\\/www.spassbeisaite.de\\\/wp03\\\/agb-shop\\\/\",\"name\":\"AGB (Shop) | SPASS BEISAITE\u00ae\",\"isPartOf\":{\"@id\":\"https:\\\/\\\/www.spassbeisaite.de\\\/wp03\\\/#website\"},\"datePublished\":\"2021-07-13T17:55:05+00:00\",\"dateModified\":\"2025-11-05T18:27:33+00:00\",\"description\":\"SPASS BEISAITE Musikverlag | AGB f\u00fcr den Onlineshop | Zahlungsarten | Versandkosten\",\"breadcrumb\":{\"@id\":\"https:\\\/\\\/www.spassbeisaite.de\\\/wp03\\\/agb-shop\\\/#breadcrumb\"},\"inLanguage\":\"de\",\"potentialAction\":[{\"@type\":\"ReadAction\",\"target\":[\"https:\\\/\\\/www.spassbeisaite.de\\\/wp03\\\/agb-shop\\\/\"]}]},{\"@type\":\"BreadcrumbList\",\"@id\":\"https:\\\/\\\/www.spassbeisaite.de\\\/wp03\\\/agb-shop\\\/#breadcrumb\",\"itemListElement\":[{\"@type\":\"ListItem\",\"position\":1,\"name\":\"Startseite\",\"item\":\"https:\\\/\\\/www.spassbeisaite.de\\\/wp03\\\/\"},{\"@type\":\"ListItem\",\"position\":2,\"name\":\"AGB (Shop)\"}]},{\"@type\":\"WebSite\",\"@id\":\"https:\\\/\\\/www.spassbeisaite.de\\\/wp03\\\/#website\",\"url\":\"https:\\\/\\\/www.spassbeisaite.de\\\/wp03\\\/\",\"name\":\"SPASS BEISAITE\u00ae\",\"description\":\"Musikverlag | Label | Unterricht\",\"publisher\":{\"@id\":\"https:\\\/\\\/www.spassbeisaite.de\\\/wp03\\\/#organization\"},\"potentialAction\":[{\"@type\":\"SearchAction\",\"target\":{\"@type\":\"EntryPoint\",\"urlTemplate\":\"https:\\\/\\\/www.spassbeisaite.de\\\/wp03\\\/?s={search_term_string}\"},\"query-input\":{\"@type\":\"PropertyValueSpecification\",\"valueRequired\":true,\"valueName\":\"search_term_string\"}}],\"inLanguage\":\"de\"},{\"@type\":\"Organization\",\"@id\":\"https:\\\/\\\/www.spassbeisaite.de\\\/wp03\\\/#organization\",\"name\":\"SPASS BEISAITE Musikverlag\",\"url\":\"https:\\\/\\\/www.spassbeisaite.de\\\/wp03\\\/\",\"logo\":{\"@type\":\"ImageObject\",\"inLanguage\":\"de\",\"@id\":\"https:\\\/\\\/www.spassbeisaite.de\\\/wp03\\\/#\\\/schema\\\/logo\\\/image\\\/\",\"url\":\"http:\\\/\\\/www.spassbeisaite.de\\\/wp03\\\/wp-content\\\/uploads\\\/2021\\\/07\\\/spass-schriftzug-14-wp-500x500-7.png\",\"contentUrl\":\"http:\\\/\\\/www.spassbeisaite.de\\\/wp03\\\/wp-content\\\/uploads\\\/2021\\\/07\\\/spass-schriftzug-14-wp-500x500-7.png\",\"width\":500,\"height\":500,\"caption\":\"SPASS BEISAITE Musikverlag\"},\"image\":{\"@id\":\"https:\\\/\\\/www.spassbeisaite.de\\\/wp03\\\/#\\\/schema\\\/logo\\\/image\\\/\"},\"sameAs\":[\"https:\\\/\\\/www.youtube.com\\\/channel\\\/UC0tdinT0D3WmEvlAVIQfsuQ\"]}]}<\/script>\n<!-- \/ Yoast SEO plugin. -->","yoast_head_json":{"title":"AGB (Shop) | SPASS BEISAITE\u00ae","description":"SPASS BEISAITE Musikverlag | AGB f\u00fcr den Onlineshop | Zahlungsarten | Versandkosten","robots":{"index":"index","follow":"follow","max-snippet":"max-snippet:-1","max-image-preview":"max-image-preview:large","max-video-preview":"max-video-preview:-1"},"canonical":"https:\/\/www.spassbeisaite.de\/wp03\/agb-shop\/","og_locale":"de_DE","og_type":"article","og_title":"AGB (Shop) | SPASS BEISAITE\u00ae","og_description":"SPASS BEISAITE Musikverlag | AGB f\u00fcr den Onlineshop | Zahlungsarten | Versandkosten","og_url":"https:\/\/www.spassbeisaite.de\/wp03\/agb-shop\/","og_site_name":"SPASS BEISAITE\u00ae","article_modified_time":"2025-11-05T18:27:33+00:00","twitter_card":"summary_large_image","twitter_misc":{"Gesch\u00e4tzte Lesezeit":"4\u00a0Minuten"},"schema":{"@context":"https:\/\/schema.org","@graph":[{"@type":"WebPage","@id":"https:\/\/www.spassbeisaite.de\/wp03\/agb-shop\/","url":"https:\/\/www.spassbeisaite.de\/wp03\/agb-shop\/","name":"AGB (Shop) | SPASS BEISAITE\u00ae","isPartOf":{"@id":"https:\/\/www.spassbeisaite.de\/wp03\/#website"},"datePublished":"2021-07-13T17:55:05+00:00","dateModified":"2025-11-05T18:27:33+00:00","description":"SPASS BEISAITE Musikverlag | AGB f\u00fcr den Onlineshop | Zahlungsarten | Versandkosten","breadcrumb":{"@id":"https:\/\/www.spassbeisaite.de\/wp03\/agb-shop\/#breadcrumb"},"inLanguage":"de","potentialAction":[{"@type":"ReadAction","target":["https:\/\/www.spassbeisaite.de\/wp03\/agb-shop\/"]}]},{"@type":"BreadcrumbList","@id":"https:\/\/www.spassbeisaite.de\/wp03\/agb-shop\/#breadcrumb","itemListElement":[{"@type":"ListItem","position":1,"name":"Startseite","item":"https:\/\/www.spassbeisaite.de\/wp03\/"},{"@type":"ListItem","position":2,"name":"AGB (Shop)"}]},{"@type":"WebSite","@id":"https:\/\/www.spassbeisaite.de\/wp03\/#website","url":"https:\/\/www.spassbeisaite.de\/wp03\/","name":"SPASS BEISAITE\u00ae","description":"Musikverlag | Label | Unterricht","publisher":{"@id":"https:\/\/www.spassbeisaite.de\/wp03\/#organization"},"potentialAction":[{"@type":"SearchAction","target":{"@type":"EntryPoint","urlTemplate":"https:\/\/www.spassbeisaite.de\/wp03\/?s={search_term_string}"},"query-input":{"@type":"PropertyValueSpecification","valueRequired":true,"valueName":"search_term_string"}}],"inLanguage":"de"},{"@type":"Organization","@id":"https:\/\/www.spassbeisaite.de\/wp03\/#organization","name":"SPASS BEISAITE Musikverlag","url":"https:\/\/www.spassbeisaite.de\/wp03\/","logo":{"@type":"ImageObject","inLanguage":"de","@id":"https:\/\/www.spassbeisaite.de\/wp03\/#\/schema\/logo\/image\/","url":"http:\/\/www.spassbeisaite.de\/wp03\/wp-content\/uploads\/2021\/07\/spass-schriftzug-14-wp-500x500-7.png","contentUrl":"http:\/\/www.spassbeisaite.de\/wp03\/wp-content\/uploads\/2021\/07\/spass-schriftzug-14-wp-500x500-7.png","width":500,"height":500,"caption":"SPASS BEISAITE Musikverlag"},"image":{"@id":"https:\/\/www.spassbeisaite.de\/wp03\/#\/schema\/logo\/image\/"},"sameAs":["https:\/\/www.youtube.com\/channel\/UC0tdinT0D3WmEvlAVIQfsuQ"]}]}},"_links":{"self":[{"href":"https:\/\/www.spassbeisaite.de\/wp03\/wp-json\/wp\/v2\/pages\/478","targetHints":{"allow":["GET"]}}],"collection":[{"href":"https:\/\/www.spassbeisaite.de\/wp03\/wp-json\/wp\/v2\/pages"}],"about":[{"href":"https:\/\/www.spassbeisaite.de\/wp03\/wp-json\/wp\/v2\/types\/page"}],"author":[{"embeddable":true,"href":"https:\/\/www.spassbeisaite.de\/wp03\/wp-json\/wp\/v2\/users\/2"}],"replies":[{"embeddable":true,"href":"https:\/\/www.spassbeisaite.de\/wp03\/wp-json\/wp\/v2\/comments?post=478"}],"version-history":[{"count":30,"href":"https:\/\/www.spassbeisaite.de\/wp03\/wp-json\/wp\/v2\/pages\/478\/revisions"}],"predecessor-version":[{"id":2196,"href":"https:\/\/www.spassbeisaite.de\/wp03\/wp-json\/wp\/v2\/pages\/478\/revisions\/2196"}],"wp:attachment":[{"href":"https:\/\/www.spassbeisaite.de\/wp03\/wp-json\/wp\/v2\/media?parent=478"}],"curies":[{"name":"wp","href":"https:\/\/api.w.org\/{rel}","templated":true}]}}