{"id":294,"date":"2021-07-26T17:23:32","date_gmt":"2021-07-26T15:23:32","guid":{"rendered":"http:\/\/192.168.1.104\/enfold-photography\/?page_id=21"},"modified":"2022-02-18T09:55:04","modified_gmt":"2022-02-18T08:55:04","slug":"michael-schmolke","status":"publish","type":"page","link":"https:\/\/www.spassbeisaite.de\/wp03\/michael-schmolke\/","title":{"rendered":"Michael"},"content":{"rendered":"<div id='full_slider_1'  class='avia-fullwidth-slider main_color avia-shadow   avia-builder-el-0  el_before_av_layout_row  avia-builder-el-first   container_wrap fullsize'  >\n<style type=\"text\/css\" data-created_by=\"avia_inline_auto\" id=\"style-css-av-5bqf3y-8622c16e7c67613f53b065cceaf8eba1\">\n#top #wrap_all .avia-slideshow .av-slideshow-caption.av-5bqf3y-8622c16e7c67613f53b065cceaf8eba1__0 .avia-caption-title{\ncolor:#000000;\n}\n#top .avia-slideshow .av-slideshow-caption.av-5bqf3y-8622c16e7c67613f53b065cceaf8eba1__0 .avia-caption-content{\ncolor:#000000;\n}\n\n@media only screen and (max-width: 479px){ \n#top #wrap_all .avia-slideshow .av-slideshow-caption.av-5bqf3y-8622c16e7c67613f53b065cceaf8eba1__0 .avia-caption-title{\nfont-size:14px;\n}\n}\n<\/style>\n<div  class='avia-slideshow av-5bqf3y-8622c16e7c67613f53b065cceaf8eba1 avia-slideshow-featured_large av_slideshow_full avia-fade-slider av-slideshow-ui av-control-minimal av-slideshow-autoplay av-loop-endless av-loop-manual-endless av-default-height-applied   avia-slideshow-1' data-slideshow-options=\"{&quot;animation&quot;:&quot;fade&quot;,&quot;autoplay&quot;:true,&quot;loop_autoplay&quot;:&quot;endless&quot;,&quot;interval&quot;:7,&quot;loop_manual&quot;:&quot;manual-endless&quot;,&quot;autoplay_stopper&quot;:false,&quot;noNavigation&quot;:false,&quot;bg_slider&quot;:false,&quot;keep_padding&quot;:false,&quot;hoverpause&quot;:false,&quot;show_slide_delay&quot;:0}\"  itemprop=\"image\" itemscope=\"itemscope\" itemtype=\"https:\/\/schema.org\/ImageObject\" ><ul class='avia-slideshow-inner ' style='padding-bottom: 42%;'><li  class='avia-slideshow-slide av-5bqf3y-8622c16e7c67613f53b065cceaf8eba1__0  slide-1 slide-odd'><div data-rel='slideshow-1' class='avia-slide-wrap '   ><div class='av-slideshow-caption av-5bqf3y-8622c16e7c67613f53b065cceaf8eba1__0 caption_fullwidth caption_left'><div class=\"container caption_container\"><div class=\"slideshow_caption\"><div class=\"slideshow_inner_caption\"><div class=\"slideshow_align_caption\"><h4 class='avia-caption-title '  itemprop=\"name\" >Michael Schmolke<\/h4><div class='avia-caption-content av_inherit_color'  itemprop=\"description\" ><p>Gitarrist<br \/>\nMusikp\u00e4dagoge<br \/>\nAutor<\/p>\n<\/div><\/div><\/div><\/div><\/div><\/div><img decoding=\"async\" fetchpriority=\"high\" class=\"wp-image-1136 avia-img-lazy-loading-not-1136\"  src=\"https:\/\/www.spassbeisaite.de\/wp03\/wp-content\/uploads\/2021\/08\/ms-wp-slider-00-sw-1500x630.jpg\" width=\"1500\" height=\"630\" title='Michael Schmolke | Guitar Player' alt='Michael Schmolke, Gitarrist, Komponist, Autor. \u00a0SPASS BEISAITE Musikverlag.'  itemprop=\"thumbnailUrl\" srcset=\"https:\/\/www.spassbeisaite.de\/wp03\/wp-content\/uploads\/2021\/08\/ms-wp-slider-00-sw-1500x630.jpg 1500w, https:\/\/www.spassbeisaite.de\/wp03\/wp-content\/uploads\/2021\/08\/ms-wp-slider-00-sw-300x125.jpg 300w\" sizes=\"(max-width: 1500px) 100vw, 1500px\" \/><\/div><\/li><li  class='avia-slideshow-slide av-5bqf3y-8622c16e7c67613f53b065cceaf8eba1__1  slide-2 slide-even'><div data-rel='slideshow-1' class='avia-slide-wrap '   ><img decoding=\"async\" fetchpriority=\"high\" class=\"wp-image-1137 avia-img-lazy-loading-not-1137\"  src=\"https:\/\/www.spassbeisaite.de\/wp03\/wp-content\/uploads\/2021\/08\/ms-wp-slider-01-01-sw-1500x630.jpg\" width=\"1500\" height=\"630\" title='Michael Schmolke | Guitar Player' alt='Michael Schmolke: Jazzgitarrist Live On Stage. SPASS BEISAITE Musikverlag'  itemprop=\"thumbnailUrl\" srcset=\"https:\/\/www.spassbeisaite.de\/wp03\/wp-content\/uploads\/2021\/08\/ms-wp-slider-01-01-sw-1500x630.jpg 1500w, https:\/\/www.spassbeisaite.de\/wp03\/wp-content\/uploads\/2021\/08\/ms-wp-slider-01-01-sw-300x125.jpg 300w, https:\/\/www.spassbeisaite.de\/wp03\/wp-content\/uploads\/2021\/08\/ms-wp-slider-01-01-sw-705x295.jpg 705w, https:\/\/www.spassbeisaite.de\/wp03\/wp-content\/uploads\/2021\/08\/ms-wp-slider-01-01-sw-600x251.jpg 600w\" sizes=\"(max-width: 1500px) 100vw, 1500px\" \/><\/div><\/li><li  class='avia-slideshow-slide av-5bqf3y-8622c16e7c67613f53b065cceaf8eba1__2  slide-3 slide-odd'><div data-rel='slideshow-1' class='avia-slide-wrap '   ><img decoding=\"async\" fetchpriority=\"high\" class=\"wp-image-1138 avia-img-lazy-loading-not-1138\"  src=\"https:\/\/www.spassbeisaite.de\/wp03\/wp-content\/uploads\/2021\/08\/ms-wp-slider-01-02-sw-1500x630.jpg\" width=\"1500\" height=\"630\" title='Michael Schmolke | Guitar Player' alt='Michael Schmolke: Jazz &amp; Rock Gitarrist Live On Stage. SPASS BEISAITE Musikverlag'  itemprop=\"thumbnailUrl\" srcset=\"https:\/\/www.spassbeisaite.de\/wp03\/wp-content\/uploads\/2021\/08\/ms-wp-slider-01-02-sw-1500x630.jpg 1500w, https:\/\/www.spassbeisaite.de\/wp03\/wp-content\/uploads\/2021\/08\/ms-wp-slider-01-02-sw-300x125.jpg 300w, https:\/\/www.spassbeisaite.de\/wp03\/wp-content\/uploads\/2021\/08\/ms-wp-slider-01-02-sw-705x295.jpg 705w, https:\/\/www.spassbeisaite.de\/wp03\/wp-content\/uploads\/2021\/08\/ms-wp-slider-01-02-sw-600x251.jpg 600w\" sizes=\"(max-width: 1500px) 100vw, 1500px\" \/><\/div><\/li><li  class='avia-slideshow-slide av-5bqf3y-8622c16e7c67613f53b065cceaf8eba1__3  slide-4 slide-even'><div data-rel='slideshow-1' class='avia-slide-wrap '   ><img decoding=\"async\" fetchpriority=\"high\" class=\"wp-image-1139 avia-img-lazy-loading-not-1139\"  src=\"https:\/\/www.spassbeisaite.de\/wp03\/wp-content\/uploads\/2021\/08\/ms-wp-slider-01-04-sw-1500x630.jpg\" width=\"1500\" height=\"630\" title='Michael Schmolke | Guitar Player' alt='Michael Schmolke: Klassik-Gitarrist im Tonstudio. SPASS BEISAITE Musikverlag'  itemprop=\"thumbnailUrl\" srcset=\"https:\/\/www.spassbeisaite.de\/wp03\/wp-content\/uploads\/2021\/08\/ms-wp-slider-01-04-sw-1500x630.jpg 1500w, https:\/\/www.spassbeisaite.de\/wp03\/wp-content\/uploads\/2021\/08\/ms-wp-slider-01-04-sw-300x125.jpg 300w, https:\/\/www.spassbeisaite.de\/wp03\/wp-content\/uploads\/2021\/08\/ms-wp-slider-01-04-sw-705x295.jpg 705w, https:\/\/www.spassbeisaite.de\/wp03\/wp-content\/uploads\/2021\/08\/ms-wp-slider-01-04-sw-600x251.jpg 600w\" sizes=\"(max-width: 1500px) 100vw, 1500px\" \/><\/div><\/li><\/ul><div class='avia-slideshow-arrows avia-slideshow-controls' ><a href='#prev' class='prev-slide ' aria-hidden='true' data-av_icon='\ue87c' data-av_iconfont='entypo-fontello'  tabindex='-1'>Zur\u00fcck<\/a><a href='#next' class='next-slide ' aria-hidden='true' data-av_icon='\ue87d' data-av_iconfont='entypo-fontello'  tabindex='-1'>Weiter<\/a><\/div><div class='avia-slideshow-dots avia-slideshow-controls'><a href='#1' class='goto-slide active' >1<\/a><a href='#2' class='goto-slide ' >2<\/a><a href='#3' class='goto-slide ' >3<\/a><a href='#4' class='goto-slide ' >4<\/a><\/div><\/div><\/div>\n<div id='av-layout-grid-1'  class='av-layout-grid-container av-4wbaji-cd29c495b7c72d74f1fa2370eb460159 entry-content-wrapper main_color av-flex-cells  avia-builder-el-1  el_after_av_slideshow_full  el_before_av_layout_row  grid-row-not-first  container_wrap fullsize'  >\n\n<style type=\"text\/css\" data-created_by=\"avia_inline_auto\" id=\"style-css-av-4pfzri-cc75554acb31a5875af48c0806a72f18\">\n.flex_cell.av-4pfzri-cc75554acb31a5875af48c0806a72f18{\nvertical-align:top;\n}\n.responsive #top #wrap_all .flex_cell.av-4pfzri-cc75554acb31a5875af48c0806a72f18{\npadding:30px 30px 30px 30px !important;\n}\n<\/style>\n<div class='flex_cell av-4pfzri-cc75554acb31a5875af48c0806a72f18 av-gridrow-cell av_one_half no_margin  avia-builder-el-2  el_before_av_cell_one_half  avia-builder-el-first '  ><div class='flex_cell_inner'><p>\n<style type=\"text\/css\" data-created_by=\"avia_inline_auto\" id=\"style-css-av-4l2l3i-90cc88204e0ea96be9f6937628609c56\">\n#top .av-special-heading.av-4l2l3i-90cc88204e0ea96be9f6937628609c56{\npadding-bottom:10px;\n}\nbody .av-special-heading.av-4l2l3i-90cc88204e0ea96be9f6937628609c56 .av-special-heading-tag .heading-char{\nfont-size:25px;\n}\n.av-special-heading.av-4l2l3i-90cc88204e0ea96be9f6937628609c56 .av-subheading{\nfont-size:15px;\n}\n<\/style>\n<div  class='av-special-heading av-4l2l3i-90cc88204e0ea96be9f6937628609c56 av-special-heading-h3  avia-builder-el-3  el_before_av_textblock  avia-builder-el-first '><h3 class='av-special-heading-tag'  itemprop=\"headline\"  >Vita<\/h3><div class=\"special-heading-border\"><div class=\"special-heading-inner-border\"><\/div><\/div><\/div><br \/>\n<section  class='av_textblock_section av-4bw26e-3113bf3f4849c1da6637aa2a0f62374f '   itemscope=\"itemscope\" itemtype=\"https:\/\/schema.org\/CreativeWork\" ><div class='avia_textblock'  itemprop=\"text\" ><p>Michael Schmolke lernte Gitarre als Autodidakt und sammelte schon als Jugendlicher B\u00fchnen- und Studioerfahrung mit unterschiedlichen Rock-, Folk- und Jazz-Formationen. Eine klassische Gitarrenausbildung erhielt er erst im Rahmen seines zweiten Hochschulstudiums, das er 1994 als Musikp\u00e4dagoge M.A. (Univ.) abschloss.<\/p>\n<p>\u00dcber drei Jahrzehnte unterrichtete Michael an verschiedenen Bildungseinrichtungen die F\u00e4cher Musik, Gitarre, EDV (Multimedia) sowie Fachpraxis und leitete mehrere erfolgreiche Sch\u00fclerbands.\u00a0 Daneben ver\u00f6ffentlichte er sechs Gitarrenlehrb\u00fccher, hielt Workshops und Fortbildungen, wirkte bei zahlreichen LP- und CD-Produktionen mit und ist bis heute als Gitarrist in wechselnden Orchestern, Bands\u00a0 und Theaterprojekten aktiv.<\/p>\n<p>2017 k\u00fcndigte er alle festen Anstellungen und arbeitet seitdem in N\u00fcrnberg als freier Musiker, Musikp\u00e4dagoge, Komponist und Autor.<\/p>\n<\/div><\/section><\/p>\n<\/div><\/div>\n<style type=\"text\/css\" data-created_by=\"avia_inline_auto\" id=\"style-css-av-3q1zke-edd7ab9098f7d354650c892d39965c71\">\n.flex_cell.av-3q1zke-edd7ab9098f7d354650c892d39965c71{\nvertical-align:top;\nbackground-color:#f7f7f7;\n}\n.responsive #top #wrap_all .flex_cell.av-3q1zke-edd7ab9098f7d354650c892d39965c71{\npadding:30px 30px 30px 30px !important;\n}\n<\/style>\n<div class='flex_cell av-3q1zke-edd7ab9098f7d354650c892d39965c71 av-gridrow-cell av_one_half no_margin  avia-builder-el-5  el_after_av_cell_one_half  avia-builder-el-last '  ><div class='flex_cell_inner'><p>\n<style type=\"text\/css\" data-created_by=\"avia_inline_auto\" id=\"style-css-av-3lal1i-853c2e23fe1ad48f147f03417442f042\">\n#top .av-special-heading.av-3lal1i-853c2e23fe1ad48f147f03417442f042{\npadding-bottom:10px;\n}\nbody .av-special-heading.av-3lal1i-853c2e23fe1ad48f147f03417442f042 .av-special-heading-tag .heading-char{\nfont-size:25px;\n}\n.av-special-heading.av-3lal1i-853c2e23fe1ad48f147f03417442f042 .av-subheading{\nfont-size:15px;\n}\n<\/style>\n<div  class='av-special-heading av-3lal1i-853c2e23fe1ad48f147f03417442f042 av-special-heading-h3  avia-builder-el-6  el_before_av_textblock  avia-builder-el-first '><h3 class='av-special-heading-tag'  itemprop=\"headline\"  >Engagements<\/h3><div class=\"special-heading-border\"><div class=\"special-heading-inner-border\"><\/div><\/div><\/div><br \/>\n<section  class='av_textblock_section av-3dnbbi-67d68386784d53b3d5eefd3daf092bd3 '   itemscope=\"itemscope\" itemtype=\"https:\/\/schema.org\/CreativeWork\" ><div class='avia_textblock'  itemprop=\"text\" ><p>(unvollst\u00e4ndige Liste):<br \/>\nK-ZWO Rock&#8217;n&#8217;Roll Musical, Uni-Big-Band Bamberg, Frankonian Affair Big Band W\u00fcrzburg, Blue Train Orchestra Bamberg, Golden Brass Big Band Bad Kissingen, Jan Reinelt&#8217;s Swinging Xmas W\u00fcrzburg, Spade &amp; Bucket Brigade, div. Musicals (u.a. Jesus Christ Superstar, Revue &#8222;Chronos&#8220;, Space Dream, Joseph) Michael Dean, Harald Hauck Quartett, Tex D\u00f6ring Quartett, Trio Libertango, K\u00fcnstlerInnenbegleitung (z.B. Max Kienastl, Jan Burdinski, Yvonne Tatzel, J\u00fcrgen Bachmann, Marcus Bosch), Strings &amp; Percussion Quintett, Duo &#8222;Two for You&#8220; mit Norbert Schramm, Blue Sea Band, groovegangsters, Stadttheater Bamberg, Calderon Festspiele Bamberg, ACT Center N\u00fcrnberg, The Inner Soul, Leitung Jazz Session Lunab\u00fchne Wei\u00dfenburg, Emmerichd Connection, Silke Straubs SILK STREET, Supergroup Vol. 4 etcetc&#8230;<\/p>\n<\/div><\/section><\/p>\n<\/div><\/div><\/div><div id='av-layout-grid-2'  class='av-layout-grid-container av-275ri-985f7cca3a90b62f18e78afc6efdb89a entry-content-wrapper main_color av-flex-cells  avia-builder-el-8  el_after_av_layout_row  el_before_av_slideshow_full  grid-row-not-first  container_wrap fullsize'  >\n\n<style type=\"text\/css\" data-created_by=\"avia_inline_auto\" id=\"style-css-av-ks1w17ae-d46b1a47a5b0c9b1830ea9cd76f8b267\">\n.flex_cell.av-ks1w17ae-d46b1a47a5b0c9b1830ea9cd76f8b267{\nvertical-align:top;\n}\n.responsive #top #wrap_all .flex_cell.av-ks1w17ae-d46b1a47a5b0c9b1830ea9cd76f8b267{\npadding:30px 30px 30px 30px !important;\n}\n<\/style>\n<div class='flex_cell av-ks1w17ae-d46b1a47a5b0c9b1830ea9cd76f8b267 av-gridrow-cell av_one_full no_margin  avia-builder-el-9  avia-builder-el-no-sibling '  ><div class='flex_cell_inner'><p>\n<style type=\"text\/css\" data-created_by=\"avia_inline_auto\" id=\"style-css-av-ge1qm-d0ce5589f65a6ba6c9d03c6465a510b4\">\n#top .av-special-heading.av-ge1qm-d0ce5589f65a6ba6c9d03c6465a510b4{\npadding-bottom:10px;\n}\nbody .av-special-heading.av-ge1qm-d0ce5589f65a6ba6c9d03c6465a510b4 .av-special-heading-tag .heading-char{\nfont-size:25px;\n}\n.av-special-heading.av-ge1qm-d0ce5589f65a6ba6c9d03c6465a510b4 .av-subheading{\nfont-size:15px;\n}\n<\/style>\n<div  class='av-special-heading av-ge1qm-d0ce5589f65a6ba6c9d03c6465a510b4 av-special-heading-h3  avia-builder-el-10  el_before_av_textblock  avia-builder-el-first '><h3 class='av-special-heading-tag'  itemprop=\"headline\"  >Referenzen<\/h3><div class=\"special-heading-border\"><div class=\"special-heading-inner-border\"><\/div><\/div><\/div><br \/>\n<section  class='av_textblock_section av-b96na-151bf3daad64c7177be6a7c451b221e5 '   itemscope=\"itemscope\" itemtype=\"https:\/\/schema.org\/CreativeWork\" ><div class='avia_textblock'  itemprop=\"text\" ><section class=\"av_textblock_section \">\n<div class=\"avia_textblock \">\n<ul>\n<li>Universit\u00e4t Bamberg, Fachbereich Musikp\u00e4dagogik und -didaktik<\/li>\n<li>Universit\u00e4t Bamberg, Fachbereich Sozialwesen<\/li>\n<li>St\u00e4dtische Musikschule Bamberg<\/li>\n<li>Vhs der Stadt Bamberg<\/li>\n<li>Fachakademie f\u00fcr Sozialp\u00e4dagogik Rummelsberg<\/li>\n<li>Fachschule f\u00fcr Heilerziehungspflege Ebenried<\/li>\n<\/ul>\n<\/div>\n<\/section>\n<\/div><\/section><\/p>\n<\/div><\/div>\n<\/div><\/p>\n<div id='full_slider_2'  class='avia-fullwidth-slider main_color avia-shadow   avia-builder-el-12  el_after_av_layout_row  avia-builder-el-last   slider-not-first container_wrap fullsize'  ><div  class='avia-slideshow av-ze8wu-60f8815b5cb05f46bdb4024b297c49f0 avia-slideshow-no scaling av_slideshow_full avia-fade-slider av-slideshow-ui av-control-minimal av-slideshow-autoplay av-loop-endless av-loop-manual-endless av-default-height-applied   avia-slideshow-2' data-slideshow-options=\"{&quot;animation&quot;:&quot;fade&quot;,&quot;autoplay&quot;:true,&quot;loop_autoplay&quot;:&quot;endless&quot;,&quot;interval&quot;:7,&quot;loop_manual&quot;:&quot;manual-endless&quot;,&quot;autoplay_stopper&quot;:false,&quot;noNavigation&quot;:false,&quot;bg_slider&quot;:false,&quot;keep_padding&quot;:false,&quot;hoverpause&quot;:false,&quot;show_slide_delay&quot;:0}\"  itemprop=\"image\" itemscope=\"itemscope\" itemtype=\"https:\/\/schema.org\/ImageObject\" ><ul class='avia-slideshow-inner ' style='padding-bottom: 41.7840375587%;'><li  class='avia-slideshow-slide av-ze8wu-60f8815b5cb05f46bdb4024b297c49f0__0  av-single-slide slide-1 slide-odd'><div data-rel='slideshow-2' class='avia-slide-wrap '   ><img decoding=\"async\" fetchpriority=\"high\" class=\"wp-image-1188 avia-img-lazy-loading-not-1188\"  src=\"https:\/\/www.spassbeisaite.de\/wp03\/wp-content\/uploads\/2021\/08\/12-alben-vs3-72dpi.jpg\" width=\"2130\" height=\"890\" title='Michael Schmolke - einige Musikalben' alt='Michael Schmolke als Gitarrist, Komponist oder Bandleader: Eine Collage von Album- und Single-Covers. SPASS BEISAITE Musikverlag.'  itemprop=\"thumbnailUrl\" srcset=\"https:\/\/www.spassbeisaite.de\/wp03\/wp-content\/uploads\/2021\/08\/12-alben-vs3-72dpi.jpg 2130w, https:\/\/www.spassbeisaite.de\/wp03\/wp-content\/uploads\/2021\/08\/12-alben-vs3-72dpi-300x125.jpg 300w, https:\/\/www.spassbeisaite.de\/wp03\/wp-content\/uploads\/2021\/08\/12-alben-vs3-72dpi-1030x430.jpg 1030w, https:\/\/www.spassbeisaite.de\/wp03\/wp-content\/uploads\/2021\/08\/12-alben-vs3-72dpi-768x321.jpg 768w, https:\/\/www.spassbeisaite.de\/wp03\/wp-content\/uploads\/2021\/08\/12-alben-vs3-72dpi-1536x642.jpg 1536w, https:\/\/www.spassbeisaite.de\/wp03\/wp-content\/uploads\/2021\/08\/12-alben-vs3-72dpi-2048x856.jpg 2048w, https:\/\/www.spassbeisaite.de\/wp03\/wp-content\/uploads\/2021\/08\/12-alben-vs3-72dpi-1500x627.jpg 1500w, https:\/\/www.spassbeisaite.de\/wp03\/wp-content\/uploads\/2021\/08\/12-alben-vs3-72dpi-705x295.jpg 705w, https:\/\/www.spassbeisaite.de\/wp03\/wp-content\/uploads\/2021\/08\/12-alben-vs3-72dpi-600x251.jpg 600w\" sizes=\"(max-width: 2130px) 100vw, 2130px\" \/><\/div><\/li><\/ul><\/div><\/div>\n","protected":false},"excerpt":{"rendered":"","protected":false},"author":2,"featured_media":0,"parent":0,"menu_order":0,"comment_status":"open","ping_status":"open","template":"","meta":{"footnotes":""},"class_list":["post-294","page","type-page","status-publish","hentry"],"yoast_head":"<!-- This site is optimized with the Yoast SEO plugin v27.4 - https:\/\/yoast.com\/product\/yoast-seo-wordpress\/ -->\n<title>Michael | SPASS BEISAITE\u00ae<\/title>\n<meta name=\"description\" content=\"Michael Schmolke | Gitarrist, Musikp\u00e4dagoge, Autor | Vita, Engagements.\" \/>\n<meta name=\"robots\" content=\"index, follow, max-snippet:-1, max-image-preview:large, max-video-preview:-1\" \/>\n<link rel=\"canonical\" href=\"https:\/\/www.spassbeisaite.de\/wp03\/michael-schmolke\/\" \/>\n<meta property=\"og:locale\" content=\"de_DE\" \/>\n<meta property=\"og:type\" content=\"article\" \/>\n<meta property=\"og:title\" content=\"Michael | SPASS BEISAITE\u00ae\" \/>\n<meta property=\"og:description\" content=\"Michael Schmolke | Gitarrist, Musikp\u00e4dagoge, Autor | Vita, Engagements.\" \/>\n<meta property=\"og:url\" content=\"https:\/\/www.spassbeisaite.de\/wp03\/michael-schmolke\/\" \/>\n<meta property=\"og:site_name\" content=\"SPASS BEISAITE\u00ae\" \/>\n<meta property=\"article:modified_time\" content=\"2022-02-18T08:55:04+00:00\" \/>\n<meta name=\"twitter:card\" content=\"summary_large_image\" \/>\n<meta name=\"twitter:label1\" content=\"Gesch\u00e4tzte Lesezeit\" \/>\n\t<meta name=\"twitter:data1\" content=\"9\u00a0Minuten\" \/>\n<script type=\"application\/ld+json\" class=\"yoast-schema-graph\">{\"@context\":\"https:\\\/\\\/schema.org\",\"@graph\":[{\"@type\":\"WebPage\",\"@id\":\"https:\\\/\\\/www.spassbeisaite.de\\\/wp03\\\/michael-schmolke\\\/\",\"url\":\"https:\\\/\\\/www.spassbeisaite.de\\\/wp03\\\/michael-schmolke\\\/\",\"name\":\"Michael | SPASS BEISAITE\u00ae\",\"isPartOf\":{\"@id\":\"https:\\\/\\\/www.spassbeisaite.de\\\/wp03\\\/#website\"},\"datePublished\":\"2021-07-26T15:23:32+00:00\",\"dateModified\":\"2022-02-18T08:55:04+00:00\",\"description\":\"Michael Schmolke | Gitarrist, Musikp\u00e4dagoge, Autor | Vita, Engagements.\",\"breadcrumb\":{\"@id\":\"https:\\\/\\\/www.spassbeisaite.de\\\/wp03\\\/michael-schmolke\\\/#breadcrumb\"},\"inLanguage\":\"de\",\"potentialAction\":[{\"@type\":\"ReadAction\",\"target\":[\"https:\\\/\\\/www.spassbeisaite.de\\\/wp03\\\/michael-schmolke\\\/\"]}]},{\"@type\":\"BreadcrumbList\",\"@id\":\"https:\\\/\\\/www.spassbeisaite.de\\\/wp03\\\/michael-schmolke\\\/#breadcrumb\",\"itemListElement\":[{\"@type\":\"ListItem\",\"position\":1,\"name\":\"Startseite\",\"item\":\"https:\\\/\\\/www.spassbeisaite.de\\\/wp03\\\/\"},{\"@type\":\"ListItem\",\"position\":2,\"name\":\"Michael\"}]},{\"@type\":\"WebSite\",\"@id\":\"https:\\\/\\\/www.spassbeisaite.de\\\/wp03\\\/#website\",\"url\":\"https:\\\/\\\/www.spassbeisaite.de\\\/wp03\\\/\",\"name\":\"SPASS BEISAITE\u00ae\",\"description\":\"Musikverlag | Label | Unterricht\",\"publisher\":{\"@id\":\"https:\\\/\\\/www.spassbeisaite.de\\\/wp03\\\/#organization\"},\"potentialAction\":[{\"@type\":\"SearchAction\",\"target\":{\"@type\":\"EntryPoint\",\"urlTemplate\":\"https:\\\/\\\/www.spassbeisaite.de\\\/wp03\\\/?s={search_term_string}\"},\"query-input\":{\"@type\":\"PropertyValueSpecification\",\"valueRequired\":true,\"valueName\":\"search_term_string\"}}],\"inLanguage\":\"de\"},{\"@type\":\"Organization\",\"@id\":\"https:\\\/\\\/www.spassbeisaite.de\\\/wp03\\\/#organization\",\"name\":\"SPASS BEISAITE Musikverlag\",\"url\":\"https:\\\/\\\/www.spassbeisaite.de\\\/wp03\\\/\",\"logo\":{\"@type\":\"ImageObject\",\"inLanguage\":\"de\",\"@id\":\"https:\\\/\\\/www.spassbeisaite.de\\\/wp03\\\/#\\\/schema\\\/logo\\\/image\\\/\",\"url\":\"http:\\\/\\\/www.spassbeisaite.de\\\/wp03\\\/wp-content\\\/uploads\\\/2021\\\/07\\\/spass-schriftzug-14-wp-500x500-7.png\",\"contentUrl\":\"http:\\\/\\\/www.spassbeisaite.de\\\/wp03\\\/wp-content\\\/uploads\\\/2021\\\/07\\\/spass-schriftzug-14-wp-500x500-7.png\",\"width\":500,\"height\":500,\"caption\":\"SPASS BEISAITE Musikverlag\"},\"image\":{\"@id\":\"https:\\\/\\\/www.spassbeisaite.de\\\/wp03\\\/#\\\/schema\\\/logo\\\/image\\\/\"},\"sameAs\":[\"https:\\\/\\\/www.youtube.com\\\/channel\\\/UC0tdinT0D3WmEvlAVIQfsuQ\"]}]}<\/script>\n<!-- \/ Yoast SEO plugin. -->","yoast_head_json":{"title":"Michael | SPASS BEISAITE\u00ae","description":"Michael Schmolke | Gitarrist, Musikp\u00e4dagoge, Autor | Vita, Engagements.","robots":{"index":"index","follow":"follow","max-snippet":"max-snippet:-1","max-image-preview":"max-image-preview:large","max-video-preview":"max-video-preview:-1"},"canonical":"https:\/\/www.spassbeisaite.de\/wp03\/michael-schmolke\/","og_locale":"de_DE","og_type":"article","og_title":"Michael | SPASS BEISAITE\u00ae","og_description":"Michael Schmolke | Gitarrist, Musikp\u00e4dagoge, Autor | Vita, Engagements.","og_url":"https:\/\/www.spassbeisaite.de\/wp03\/michael-schmolke\/","og_site_name":"SPASS BEISAITE\u00ae","article_modified_time":"2022-02-18T08:55:04+00:00","twitter_card":"summary_large_image","twitter_misc":{"Gesch\u00e4tzte Lesezeit":"9\u00a0Minuten"},"schema":{"@context":"https:\/\/schema.org","@graph":[{"@type":"WebPage","@id":"https:\/\/www.spassbeisaite.de\/wp03\/michael-schmolke\/","url":"https:\/\/www.spassbeisaite.de\/wp03\/michael-schmolke\/","name":"Michael | SPASS BEISAITE\u00ae","isPartOf":{"@id":"https:\/\/www.spassbeisaite.de\/wp03\/#website"},"datePublished":"2021-07-26T15:23:32+00:00","dateModified":"2022-02-18T08:55:04+00:00","description":"Michael Schmolke | Gitarrist, Musikp\u00e4dagoge, Autor | Vita, Engagements.","breadcrumb":{"@id":"https:\/\/www.spassbeisaite.de\/wp03\/michael-schmolke\/#breadcrumb"},"inLanguage":"de","potentialAction":[{"@type":"ReadAction","target":["https:\/\/www.spassbeisaite.de\/wp03\/michael-schmolke\/"]}]},{"@type":"BreadcrumbList","@id":"https:\/\/www.spassbeisaite.de\/wp03\/michael-schmolke\/#breadcrumb","itemListElement":[{"@type":"ListItem","position":1,"name":"Startseite","item":"https:\/\/www.spassbeisaite.de\/wp03\/"},{"@type":"ListItem","position":2,"name":"Michael"}]},{"@type":"WebSite","@id":"https:\/\/www.spassbeisaite.de\/wp03\/#website","url":"https:\/\/www.spassbeisaite.de\/wp03\/","name":"SPASS BEISAITE\u00ae","description":"Musikverlag | Label | Unterricht","publisher":{"@id":"https:\/\/www.spassbeisaite.de\/wp03\/#organization"},"potentialAction":[{"@type":"SearchAction","target":{"@type":"EntryPoint","urlTemplate":"https:\/\/www.spassbeisaite.de\/wp03\/?s={search_term_string}"},"query-input":{"@type":"PropertyValueSpecification","valueRequired":true,"valueName":"search_term_string"}}],"inLanguage":"de"},{"@type":"Organization","@id":"https:\/\/www.spassbeisaite.de\/wp03\/#organization","name":"SPASS BEISAITE Musikverlag","url":"https:\/\/www.spassbeisaite.de\/wp03\/","logo":{"@type":"ImageObject","inLanguage":"de","@id":"https:\/\/www.spassbeisaite.de\/wp03\/#\/schema\/logo\/image\/","url":"http:\/\/www.spassbeisaite.de\/wp03\/wp-content\/uploads\/2021\/07\/spass-schriftzug-14-wp-500x500-7.png","contentUrl":"http:\/\/www.spassbeisaite.de\/wp03\/wp-content\/uploads\/2021\/07\/spass-schriftzug-14-wp-500x500-7.png","width":500,"height":500,"caption":"SPASS BEISAITE Musikverlag"},"image":{"@id":"https:\/\/www.spassbeisaite.de\/wp03\/#\/schema\/logo\/image\/"},"sameAs":["https:\/\/www.youtube.com\/channel\/UC0tdinT0D3WmEvlAVIQfsuQ"]}]}},"_links":{"self":[{"href":"https:\/\/www.spassbeisaite.de\/wp03\/wp-json\/wp\/v2\/pages\/294","targetHints":{"allow":["GET"]}}],"collection":[{"href":"https:\/\/www.spassbeisaite.de\/wp03\/wp-json\/wp\/v2\/pages"}],"about":[{"href":"https:\/\/www.spassbeisaite.de\/wp03\/wp-json\/wp\/v2\/types\/page"}],"author":[{"embeddable":true,"href":"https:\/\/www.spassbeisaite.de\/wp03\/wp-json\/wp\/v2\/users\/2"}],"replies":[{"embeddable":true,"href":"https:\/\/www.spassbeisaite.de\/wp03\/wp-json\/wp\/v2\/comments?post=294"}],"version-history":[{"count":77,"href":"https:\/\/www.spassbeisaite.de\/wp03\/wp-json\/wp\/v2\/pages\/294\/revisions"}],"predecessor-version":[{"id":2102,"href":"https:\/\/www.spassbeisaite.de\/wp03\/wp-json\/wp\/v2\/pages\/294\/revisions\/2102"}],"wp:attachment":[{"href":"https:\/\/www.spassbeisaite.de\/wp03\/wp-json\/wp\/v2\/media?parent=294"}],"curies":[{"name":"wp","href":"https:\/\/api.w.org\/{rel}","templated":true}]}}