{"id":18,"date":"2021-07-09T16:24:46","date_gmt":"2021-07-09T14:24:46","guid":{"rendered":"http:\/\/www.spassbeisaite.de\/wp03\/?page_id=18"},"modified":"2023-02-08T17:24:44","modified_gmt":"2023-02-08T16:24:44","slug":"start","status":"publish","type":"page","link":"https:\/\/www.spassbeisaite.de\/wp03\/","title":{"rendered":"Start"},"content":{"rendered":"<div id='full_slider_1'  class='avia-fullwidth-slider main_color avia-shadow   avia-builder-el-0  el_before_av_blog  avia-builder-el-first   container_wrap fullsize'  >\n<style type=\"text\/css\" data-created_by=\"avia_inline_auto\" id=\"style-css-av-krot48sc-07abeba45e2d9ff8c763d403d8146a00\">\n#top #wrap_all .avia-slideshow .av-slideshow-caption.av-krot48sc-07abeba45e2d9ff8c763d403d8146a00__0 .avia-caption-title{\ncolor:#141414;\n}\n#top .avia-slideshow .av-slideshow-caption.av-krot48sc-07abeba45e2d9ff8c763d403d8146a00__0 .avia-caption-content{\ncolor:#141414;\n}\n<\/style>\n<div  class='avia-slideshow av-krot48sc-07abeba45e2d9ff8c763d403d8146a00 avia-slideshow-no scaling av_slideshow_full avia-slide-slider av-slideshow-ui av-control-default av-slideshow-manual av-loop-once av-loop-manual-endless av-default-height-applied   avia-slideshow-1' data-slideshow-options=\"{&quot;animation&quot;:&quot;slide&quot;,&quot;autoplay&quot;:false,&quot;loop_autoplay&quot;:&quot;once&quot;,&quot;interval&quot;:5,&quot;loop_manual&quot;:&quot;manual-endless&quot;,&quot;autoplay_stopper&quot;:false,&quot;noNavigation&quot;:false,&quot;bg_slider&quot;:false,&quot;keep_padding&quot;:false,&quot;hoverpause&quot;:false,&quot;show_slide_delay&quot;:0}\"  itemprop=\"image\" itemscope=\"itemscope\" itemtype=\"https:\/\/schema.org\/ImageObject\" ><ul class='avia-slideshow-inner ' style='padding-bottom: 76.484375%;'><li  class='avia-slideshow-slide av-krot48sc-07abeba45e2d9ff8c763d403d8146a00__0  av-single-slide slide-1 slide-odd'><a href=\"https:\/\/www.spassbeisaite.de\/wp03\/2021\/07\/24\/spass-bei-saite\/\"  data-rel='slideshow-1' class='avia-slide-wrap '   ><img decoding=\"async\" fetchpriority=\"high\" class=\"wp-image-914 avia-img-lazy-loading-not-914\"  src=\"https:\/\/www.spassbeisaite.de\/wp03\/wp-content\/uploads\/2021\/07\/dunga-quadrad-groesse-4d-scaled.jpg\" width=\"2560\" height=\"1958\" title='SPASS BEISAITE: Dunga!' alt='SPASS BEISAITE Cartoon: Steinzeitmensch schwingt die Gitarren-Keule und ruft: &quot;Dunga!&quot;'  itemprop=\"thumbnailUrl\" srcset=\"https:\/\/www.spassbeisaite.de\/wp03\/wp-content\/uploads\/2021\/07\/dunga-quadrad-groesse-4d-scaled.jpg 2560w, https:\/\/www.spassbeisaite.de\/wp03\/wp-content\/uploads\/2021\/07\/dunga-quadrad-groesse-4d-300x230.jpg 300w, https:\/\/www.spassbeisaite.de\/wp03\/wp-content\/uploads\/2021\/07\/dunga-quadrad-groesse-4d-1030x788.jpg 1030w, https:\/\/www.spassbeisaite.de\/wp03\/wp-content\/uploads\/2021\/07\/dunga-quadrad-groesse-4d-768x588.jpg 768w, https:\/\/www.spassbeisaite.de\/wp03\/wp-content\/uploads\/2021\/07\/dunga-quadrad-groesse-4d-1536x1175.jpg 1536w, https:\/\/www.spassbeisaite.de\/wp03\/wp-content\/uploads\/2021\/07\/dunga-quadrad-groesse-4d-2048x1567.jpg 2048w, https:\/\/www.spassbeisaite.de\/wp03\/wp-content\/uploads\/2021\/07\/dunga-quadrad-groesse-4d-1500x1148.jpg 1500w, https:\/\/www.spassbeisaite.de\/wp03\/wp-content\/uploads\/2021\/07\/dunga-quadrad-groesse-4d-705x539.jpg 705w, https:\/\/www.spassbeisaite.de\/wp03\/wp-content\/uploads\/2021\/07\/dunga-quadrad-groesse-4d-600x459.jpg 600w\" sizes=\"(max-width: 2560px) 100vw, 2560px\" \/><\/a><\/li><\/ul><\/div><\/div><div id='after_full_slider_1'  class='main_color av_default_container_wrap container_wrap fullsize'  ><div class='container av-section-cont-open' ><div class='template-page content  av-content-full alpha units'><div class='post-entry post-entry-type-page post-entry-18'><div class='entry-content-wrapper clearfix'>\n<div  class='av-alb-blogposts template-blog  av-blog-meta-author-disabled av-blog-meta-comments-disabled av-blog-meta-category-disabled '  itemscope=\"itemscope\" itemtype=\"https:\/\/schema.org\/Blog\" ><article class=\"post-entry post-entry-type-standard post-entry-2172 post-loop-1 post-parity-odd bloglist-simple  post-2172 post type-post status-publish format-standard hentry category-michael-schmolke-news\"  itemscope=\"itemscope\" itemtype=\"https:\/\/schema.org\/BlogPosting\" ><div class=\"blog-meta\"><\/div><div class='entry-content-wrapper clearfix standard-content'><header class=\"entry-content-header\"><h2 class='post-title entry-title '  itemprop=\"headline\" ><a href=\"https:\/\/www.spassbeisaite.de\/wp03\/2026\/01\/21\/silkstreet-sparks-of-metropolmusik-tafelhalle-nuernberg-2026-02-25\/\" rel=\"bookmark\" title=\"Permanenter Link zu: Silkstreet: Sparks Of Metropolmusik. Tafelhalle N\u00fcrnberg am 25.02.2026\">Silkstreet: Sparks Of Metropolmusik. Tafelhalle N\u00fcrnberg am 25.02.2026<span class=\"post-format-icon minor-meta\"><\/span><\/a><\/h2><span class=\"post-meta-infos\"><time class=\"date-container minor-meta updated\"  itemprop=\"datePublished\" datetime=\"2026-01-21T14:59:41+01:00\" >21. Januar 2026<\/time><div class=\"read-more-link\"><a href=\"https:\/\/www.spassbeisaite.de\/wp03\/2026\/01\/21\/silkstreet-sparks-of-metropolmusik-tafelhalle-nuernberg-2026-02-25\/\" class=\"more-link\">Weiterlesen<span class=\"more-link-arrow\"><\/span><\/a><\/div><\/span><\/header><footer class=\"entry-footer\"><\/footer><div class='post_delimiter'><\/div><\/div><div class=\"post_author_timeline\"><\/div><span class='hidden'>\n\t\t\t\t<span class='av-structured-data'  itemprop=\"image\" itemscope=\"itemscope\" itemtype=\"https:\/\/schema.org\/ImageObject\" >\n\t\t\t\t\t\t<span itemprop='url'>http:\/\/www.spassbeisaite.de\/wp03\/wp-content\/uploads\/2021\/07\/spass-schriftzug-14-wp-500x500-7.png<\/span>\n\t\t\t\t\t\t<span itemprop='height'>0<\/span>\n\t\t\t\t\t\t<span itemprop='width'>0<\/span>\n\t\t\t\t<\/span>\n\t\t\t\t<span class='av-structured-data'  itemprop=\"publisher\" itemtype=\"https:\/\/schema.org\/Organization\" itemscope=\"itemscope\" >\n\t\t\t\t\t\t<span itemprop='name'>Michael Schmolke<\/span>\n\t\t\t\t\t\t<span itemprop='logo' itemscope itemtype='https:\/\/schema.org\/ImageObject'>\n\t\t\t\t\t\t\t<span itemprop='url'>http:\/\/www.spassbeisaite.de\/wp03\/wp-content\/uploads\/2021\/07\/spass-schriftzug-14-wp-500x500-7.png<\/span>\n\t\t\t\t\t\t<\/span>\n\t\t\t\t<\/span><span class='av-structured-data'  itemprop=\"author\" itemscope=\"itemscope\" itemtype=\"https:\/\/schema.org\/Person\" ><span itemprop='name'>Michael Schmolke<\/span><\/span><span class='av-structured-data'  itemprop=\"datePublished\" datetime=\"2026-01-21T14:59:41+01:00\" >2026-01-21 14:59:41<\/span><span class='av-structured-data'  itemprop=\"dateModified\" itemtype=\"https:\/\/schema.org\/dateModified\" >2026-01-22 11:26:48<\/span><span class='av-structured-data'  itemprop=\"mainEntityOfPage\" itemtype=\"https:\/\/schema.org\/mainEntityOfPage\" ><span itemprop='name'>Silkstreet: Sparks Of Metropolmusik. Tafelhalle N\u00fcrnberg am 25.02.2026<\/span><\/span><\/span><\/article><article class=\"post-entry post-entry-type-standard post-entry-2050 post-loop-2 post-parity-even bloglist-simple  post-2050 post type-post status-publish format-standard hentry category-michael-schmolke-news\"  itemscope=\"itemscope\" itemtype=\"https:\/\/schema.org\/BlogPosting\" ><div class=\"blog-meta\"><\/div><div class='entry-content-wrapper clearfix standard-content'><header class=\"entry-content-header\"><h2 class='post-title entry-title '  itemprop=\"headline\" ><a href=\"https:\/\/www.spassbeisaite.de\/wp03\/2023\/12\/02\/viele-ebooks-jetzt-billiger\/\" rel=\"bookmark\" title=\"Permanenter Link zu: Viele Ebooks jetzt billiger!\">Viele Ebooks jetzt billiger!<span class=\"post-format-icon minor-meta\"><\/span><\/a><\/h2><span class=\"post-meta-infos\"><time class=\"date-container minor-meta updated\"  itemprop=\"datePublished\" datetime=\"2023-12-02T12:43:52+01:00\" >2. Dezember 2023<\/time><div class=\"read-more-link\"><a href=\"https:\/\/www.spassbeisaite.de\/wp03\/2023\/12\/02\/viele-ebooks-jetzt-billiger\/\" class=\"more-link\">Weiterlesen<span class=\"more-link-arrow\"><\/span><\/a><\/div><\/span><\/header><footer class=\"entry-footer\"><\/footer><div class='post_delimiter'><\/div><\/div><div class=\"post_author_timeline\"><\/div><span class='hidden'>\n\t\t\t\t<span class='av-structured-data'  itemprop=\"image\" itemscope=\"itemscope\" itemtype=\"https:\/\/schema.org\/ImageObject\" >\n\t\t\t\t\t\t<span itemprop='url'>http:\/\/www.spassbeisaite.de\/wp03\/wp-content\/uploads\/2021\/07\/spass-schriftzug-14-wp-500x500-7.png<\/span>\n\t\t\t\t\t\t<span itemprop='height'>0<\/span>\n\t\t\t\t\t\t<span itemprop='width'>0<\/span>\n\t\t\t\t<\/span>\n\t\t\t\t<span class='av-structured-data'  itemprop=\"publisher\" itemtype=\"https:\/\/schema.org\/Organization\" itemscope=\"itemscope\" >\n\t\t\t\t\t\t<span itemprop='name'>Michael Schmolke<\/span>\n\t\t\t\t\t\t<span itemprop='logo' itemscope itemtype='https:\/\/schema.org\/ImageObject'>\n\t\t\t\t\t\t\t<span itemprop='url'>http:\/\/www.spassbeisaite.de\/wp03\/wp-content\/uploads\/2021\/07\/spass-schriftzug-14-wp-500x500-7.png<\/span>\n\t\t\t\t\t\t<\/span>\n\t\t\t\t<\/span><span class='av-structured-data'  itemprop=\"author\" itemscope=\"itemscope\" itemtype=\"https:\/\/schema.org\/Person\" ><span itemprop='name'>Michael Schmolke<\/span><\/span><span class='av-structured-data'  itemprop=\"datePublished\" datetime=\"2023-12-02T12:43:52+01:00\" >2023-12-02 12:43:52<\/span><span class='av-structured-data'  itemprop=\"dateModified\" itemtype=\"https:\/\/schema.org\/dateModified\" >2023-12-02 12:46:38<\/span><span class='av-structured-data'  itemprop=\"mainEntityOfPage\" itemtype=\"https:\/\/schema.org\/mainEntityOfPage\" ><span itemprop='name'>Viele Ebooks jetzt billiger!<\/span><\/span><\/span><\/article><article class=\"post-entry post-entry-type-standard post-entry-2009 post-loop-3 post-parity-odd post-entry-last bloglist-simple with-slider post-2009 post type-post status-publish format-standard has-post-thumbnail hentry category-michael-schmolke-news\"  itemscope=\"itemscope\" itemtype=\"https:\/\/schema.org\/BlogPosting\" ><div class=\"blog-meta\"><\/div><div class='entry-content-wrapper clearfix standard-content'><header class=\"entry-content-header\"><h2 class='post-title entry-title '  itemprop=\"headline\" ><a href=\"https:\/\/www.spassbeisaite.de\/wp03\/2023\/03\/15\/silke-straub-trio-3-neue-live-videos\/\" rel=\"bookmark\" title=\"Permanenter Link zu: Silke Straub Trio: 3 neue Live-Videos\">Silke Straub Trio: 3 neue Live-Videos<span class=\"post-format-icon minor-meta\"><\/span><\/a><\/h2><span class=\"post-meta-infos\"><time class=\"date-container minor-meta updated\"  itemprop=\"datePublished\" datetime=\"2023-03-15T18:31:45+01:00\" >15. M\u00e4rz 2023<\/time><div class=\"read-more-link\"><a href=\"https:\/\/www.spassbeisaite.de\/wp03\/2023\/03\/15\/silke-straub-trio-3-neue-live-videos\/\" class=\"more-link\">Weiterlesen<span class=\"more-link-arrow\"><\/span><\/a><\/div><\/span><\/header><footer class=\"entry-footer\"><\/footer><div class='post_delimiter'><\/div><\/div><div class=\"post_author_timeline\"><\/div><span class='hidden'>\n\t\t\t\t<span class='av-structured-data'  itemprop=\"image\" itemscope=\"itemscope\" itemtype=\"https:\/\/schema.org\/ImageObject\" >\n\t\t\t\t\t\t<span itemprop='url'>https:\/\/www.spassbeisaite.de\/wp03\/wp-content\/uploads\/2022\/11\/silke-straub-trio-caleidoskop-sw-gross.jpg<\/span>\n\t\t\t\t\t\t<span itemprop='height'>2482<\/span>\n\t\t\t\t\t\t<span itemprop='width'>1755<\/span>\n\t\t\t\t<\/span>\n\t\t\t\t<span class='av-structured-data'  itemprop=\"publisher\" itemtype=\"https:\/\/schema.org\/Organization\" itemscope=\"itemscope\" >\n\t\t\t\t\t\t<span itemprop='name'>Michael Schmolke<\/span>\n\t\t\t\t\t\t<span itemprop='logo' itemscope itemtype='https:\/\/schema.org\/ImageObject'>\n\t\t\t\t\t\t\t<span itemprop='url'>http:\/\/www.spassbeisaite.de\/wp03\/wp-content\/uploads\/2021\/07\/spass-schriftzug-14-wp-500x500-7.png<\/span>\n\t\t\t\t\t\t<\/span>\n\t\t\t\t<\/span><span class='av-structured-data'  itemprop=\"author\" itemscope=\"itemscope\" itemtype=\"https:\/\/schema.org\/Person\" ><span itemprop='name'>Michael Schmolke<\/span><\/span><span class='av-structured-data'  itemprop=\"datePublished\" datetime=\"2023-03-15T18:31:45+01:00\" >2023-03-15 18:31:45<\/span><span class='av-structured-data'  itemprop=\"dateModified\" itemtype=\"https:\/\/schema.org\/dateModified\" >2023-03-15 18:35:27<\/span><span class='av-structured-data'  itemprop=\"mainEntityOfPage\" itemtype=\"https:\/\/schema.org\/mainEntityOfPage\" ><span itemprop='name'>Silke Straub Trio: 3 neue Live-Videos<\/span><\/span><\/span><\/article><div class='bloglist-simple'><nav class='pagination'><span class='pagination-meta'>Seite 1 von 3<\/span><span class='current'>1<\/span><a href='https:\/\/www.spassbeisaite.de\/wp03\/wp-json\/wp\/v2\/pages\/18\/page\/2\/' class='inactive next_page' >2<\/a><a href='https:\/\/www.spassbeisaite.de\/wp03\/wp-json\/wp\/v2\/pages\/18\/page\/3\/' class='inactive' >3<\/a><\/nav>\n<\/div><\/div>\n","protected":false},"excerpt":{"rendered":"","protected":false},"author":2,"featured_media":0,"parent":0,"menu_order":0,"comment_status":"closed","ping_status":"closed","template":"","meta":{"footnotes":""},"class_list":["post-18","page","type-page","status-publish","hentry"],"yoast_head":"<!-- This site is optimized with the Yoast SEO plugin v27.4 - https:\/\/yoast.com\/product\/yoast-seo-wordpress\/ -->\n<title>Start | SPASS BEISAITE\u00ae<\/title>\n<meta name=\"description\" content=\"Spa\u00df bei Saite!: Musikverlag, Label, Unterricht. Seit 1994. Produkte und Dienstleistungen rund um die Gitarre in der N\u00fcrnberger S\u00fcdstadt. Start und News.\" \/>\n<meta name=\"robots\" content=\"index, follow, max-snippet:-1, max-image-preview:large, max-video-preview:-1\" \/>\n<link rel=\"canonical\" href=\"https:\/\/www.spassbeisaite.de\/wp03\/\" \/>\n<meta property=\"og:locale\" content=\"de_DE\" \/>\n<meta property=\"og:type\" content=\"article\" \/>\n<meta property=\"og:title\" content=\"Start | SPASS BEISAITE\u00ae\" \/>\n<meta property=\"og:description\" content=\"Spa\u00df bei Saite!: Musikverlag, Label, Unterricht. Seit 1994. Produkte und Dienstleistungen rund um die Gitarre in der N\u00fcrnberger S\u00fcdstadt. Start und News.\" \/>\n<meta property=\"og:url\" content=\"https:\/\/www.spassbeisaite.de\/wp03\/\" \/>\n<meta property=\"og:site_name\" content=\"SPASS BEISAITE\u00ae\" \/>\n<meta property=\"article:modified_time\" content=\"2023-02-08T16:24:44+00:00\" \/>\n<meta name=\"twitter:card\" content=\"summary_large_image\" \/>\n<meta name=\"twitter:label1\" content=\"Gesch\u00e4tzte Lesezeit\" \/>\n\t<meta name=\"twitter:data1\" content=\"1\u00a0Minute\" \/>\n<script type=\"application\/ld+json\" class=\"yoast-schema-graph\">{\"@context\":\"https:\\\/\\\/schema.org\",\"@graph\":[{\"@type\":\"WebPage\",\"@id\":\"https:\\\/\\\/www.spassbeisaite.de\\\/wp03\\\/\",\"url\":\"https:\\\/\\\/www.spassbeisaite.de\\\/wp03\\\/\",\"name\":\"Start | SPASS BEISAITE\u00ae\",\"isPartOf\":{\"@id\":\"https:\\\/\\\/www.spassbeisaite.de\\\/wp03\\\/#website\"},\"datePublished\":\"2021-07-09T14:24:46+00:00\",\"dateModified\":\"2023-02-08T16:24:44+00:00\",\"description\":\"Spa\u00df bei Saite!: Musikverlag, Label, Unterricht. Seit 1994. Produkte und Dienstleistungen rund um die Gitarre in der N\u00fcrnberger S\u00fcdstadt. Start und News.\",\"breadcrumb\":{\"@id\":\"https:\\\/\\\/www.spassbeisaite.de\\\/wp03\\\/#breadcrumb\"},\"inLanguage\":\"de\",\"potentialAction\":[{\"@type\":\"ReadAction\",\"target\":[\"https:\\\/\\\/www.spassbeisaite.de\\\/wp03\\\/\"]}]},{\"@type\":\"BreadcrumbList\",\"@id\":\"https:\\\/\\\/www.spassbeisaite.de\\\/wp03\\\/#breadcrumb\",\"itemListElement\":[{\"@type\":\"ListItem\",\"position\":1,\"name\":\"Startseite\",\"item\":\"https:\\\/\\\/www.spassbeisaite.de\\\/wp03\\\/\"},{\"@type\":\"ListItem\",\"position\":2,\"name\":\"Start\"}]},{\"@type\":\"WebSite\",\"@id\":\"https:\\\/\\\/www.spassbeisaite.de\\\/wp03\\\/#website\",\"url\":\"https:\\\/\\\/www.spassbeisaite.de\\\/wp03\\\/\",\"name\":\"SPASS BEISAITE\u00ae\",\"description\":\"Musikverlag | Label | Unterricht\",\"publisher\":{\"@id\":\"https:\\\/\\\/www.spassbeisaite.de\\\/wp03\\\/#organization\"},\"potentialAction\":[{\"@type\":\"SearchAction\",\"target\":{\"@type\":\"EntryPoint\",\"urlTemplate\":\"https:\\\/\\\/www.spassbeisaite.de\\\/wp03\\\/?s={search_term_string}\"},\"query-input\":{\"@type\":\"PropertyValueSpecification\",\"valueRequired\":true,\"valueName\":\"search_term_string\"}}],\"inLanguage\":\"de\"},{\"@type\":\"Organization\",\"@id\":\"https:\\\/\\\/www.spassbeisaite.de\\\/wp03\\\/#organization\",\"name\":\"SPASS BEISAITE Musikverlag\",\"url\":\"https:\\\/\\\/www.spassbeisaite.de\\\/wp03\\\/\",\"logo\":{\"@type\":\"ImageObject\",\"inLanguage\":\"de\",\"@id\":\"https:\\\/\\\/www.spassbeisaite.de\\\/wp03\\\/#\\\/schema\\\/logo\\\/image\\\/\",\"url\":\"http:\\\/\\\/www.spassbeisaite.de\\\/wp03\\\/wp-content\\\/uploads\\\/2021\\\/07\\\/spass-schriftzug-14-wp-500x500-7.png\",\"contentUrl\":\"http:\\\/\\\/www.spassbeisaite.de\\\/wp03\\\/wp-content\\\/uploads\\\/2021\\\/07\\\/spass-schriftzug-14-wp-500x500-7.png\",\"width\":500,\"height\":500,\"caption\":\"SPASS BEISAITE Musikverlag\"},\"image\":{\"@id\":\"https:\\\/\\\/www.spassbeisaite.de\\\/wp03\\\/#\\\/schema\\\/logo\\\/image\\\/\"},\"sameAs\":[\"https:\\\/\\\/www.youtube.com\\\/channel\\\/UC0tdinT0D3WmEvlAVIQfsuQ\"]}]}<\/script>\n<!-- \/ Yoast SEO plugin. -->","yoast_head_json":{"title":"Start | SPASS BEISAITE\u00ae","description":"Spa\u00df bei Saite!: Musikverlag, Label, Unterricht. Seit 1994. Produkte und Dienstleistungen rund um die Gitarre in der N\u00fcrnberger S\u00fcdstadt. Start und News.","robots":{"index":"index","follow":"follow","max-snippet":"max-snippet:-1","max-image-preview":"max-image-preview:large","max-video-preview":"max-video-preview:-1"},"canonical":"https:\/\/www.spassbeisaite.de\/wp03\/","og_locale":"de_DE","og_type":"article","og_title":"Start | SPASS BEISAITE\u00ae","og_description":"Spa\u00df bei Saite!: Musikverlag, Label, Unterricht. Seit 1994. Produkte und Dienstleistungen rund um die Gitarre in der N\u00fcrnberger S\u00fcdstadt. Start und News.","og_url":"https:\/\/www.spassbeisaite.de\/wp03\/","og_site_name":"SPASS BEISAITE\u00ae","article_modified_time":"2023-02-08T16:24:44+00:00","twitter_card":"summary_large_image","twitter_misc":{"Gesch\u00e4tzte Lesezeit":"1\u00a0Minute"},"schema":{"@context":"https:\/\/schema.org","@graph":[{"@type":"WebPage","@id":"https:\/\/www.spassbeisaite.de\/wp03\/","url":"https:\/\/www.spassbeisaite.de\/wp03\/","name":"Start | SPASS BEISAITE\u00ae","isPartOf":{"@id":"https:\/\/www.spassbeisaite.de\/wp03\/#website"},"datePublished":"2021-07-09T14:24:46+00:00","dateModified":"2023-02-08T16:24:44+00:00","description":"Spa\u00df bei Saite!: Musikverlag, Label, Unterricht. Seit 1994. Produkte und Dienstleistungen rund um die Gitarre in der N\u00fcrnberger S\u00fcdstadt. Start und News.","breadcrumb":{"@id":"https:\/\/www.spassbeisaite.de\/wp03\/#breadcrumb"},"inLanguage":"de","potentialAction":[{"@type":"ReadAction","target":["https:\/\/www.spassbeisaite.de\/wp03\/"]}]},{"@type":"BreadcrumbList","@id":"https:\/\/www.spassbeisaite.de\/wp03\/#breadcrumb","itemListElement":[{"@type":"ListItem","position":1,"name":"Startseite","item":"https:\/\/www.spassbeisaite.de\/wp03\/"},{"@type":"ListItem","position":2,"name":"Start"}]},{"@type":"WebSite","@id":"https:\/\/www.spassbeisaite.de\/wp03\/#website","url":"https:\/\/www.spassbeisaite.de\/wp03\/","name":"SPASS BEISAITE\u00ae","description":"Musikverlag | Label | Unterricht","publisher":{"@id":"https:\/\/www.spassbeisaite.de\/wp03\/#organization"},"potentialAction":[{"@type":"SearchAction","target":{"@type":"EntryPoint","urlTemplate":"https:\/\/www.spassbeisaite.de\/wp03\/?s={search_term_string}"},"query-input":{"@type":"PropertyValueSpecification","valueRequired":true,"valueName":"search_term_string"}}],"inLanguage":"de"},{"@type":"Organization","@id":"https:\/\/www.spassbeisaite.de\/wp03\/#organization","name":"SPASS BEISAITE Musikverlag","url":"https:\/\/www.spassbeisaite.de\/wp03\/","logo":{"@type":"ImageObject","inLanguage":"de","@id":"https:\/\/www.spassbeisaite.de\/wp03\/#\/schema\/logo\/image\/","url":"http:\/\/www.spassbeisaite.de\/wp03\/wp-content\/uploads\/2021\/07\/spass-schriftzug-14-wp-500x500-7.png","contentUrl":"http:\/\/www.spassbeisaite.de\/wp03\/wp-content\/uploads\/2021\/07\/spass-schriftzug-14-wp-500x500-7.png","width":500,"height":500,"caption":"SPASS BEISAITE Musikverlag"},"image":{"@id":"https:\/\/www.spassbeisaite.de\/wp03\/#\/schema\/logo\/image\/"},"sameAs":["https:\/\/www.youtube.com\/channel\/UC0tdinT0D3WmEvlAVIQfsuQ"]}]}},"_links":{"self":[{"href":"https:\/\/www.spassbeisaite.de\/wp03\/wp-json\/wp\/v2\/pages\/18","targetHints":{"allow":["GET"]}}],"collection":[{"href":"https:\/\/www.spassbeisaite.de\/wp03\/wp-json\/wp\/v2\/pages"}],"about":[{"href":"https:\/\/www.spassbeisaite.de\/wp03\/wp-json\/wp\/v2\/types\/page"}],"author":[{"embeddable":true,"href":"https:\/\/www.spassbeisaite.de\/wp03\/wp-json\/wp\/v2\/users\/2"}],"replies":[{"embeddable":true,"href":"https:\/\/www.spassbeisaite.de\/wp03\/wp-json\/wp\/v2\/comments?post=18"}],"version-history":[{"count":81,"href":"https:\/\/www.spassbeisaite.de\/wp03\/wp-json\/wp\/v2\/pages\/18\/revisions"}],"predecessor-version":[{"id":2175,"href":"https:\/\/www.spassbeisaite.de\/wp03\/wp-json\/wp\/v2\/pages\/18\/revisions\/2175"}],"wp:attachment":[{"href":"https:\/\/www.spassbeisaite.de\/wp03\/wp-json\/wp\/v2\/media?parent=18"}],"curies":[{"name":"wp","href":"https:\/\/api.w.org\/{rel}","templated":true}]}}